{"id":2468,"date":"2022-08-10T10:57:10","date_gmt":"2022-08-10T07:57:10","guid":{"rendered":"http:\/\/www.erenarch.com\/?page_id=2468"},"modified":"2022-08-13T19:00:09","modified_gmt":"2022-08-13T16:00:09","slug":"guzelyali-ikiz-ev-mimari-tasarim-ve-uygulama","status":"publish","type":"page","link":"http:\/\/www.erenarch.com\/index.php\/projeler-projects\/guzelyali-ikiz-ev-mimari-tasarim-ve-uygulama\/","title":{"rendered":"\u0130kiz Ev Mimari Tasar\u0131m ve Uygulama | G\u00fczelyal\u0131 Semi- attached House &#8211; 1 (G\u00fczelyal\u0131 \u00c7ANAKKALE)"},"content":{"rendered":"\n<figure class=\"wp-block-image size-large\"><img loading=\"lazy\" width=\"525\" height=\"394\" src=\"https:\/\/i0.wp.com\/www.erenarch.com\/wp-content\/uploads\/2022\/08\/1C85C9F7-65FA-4EB3-8F71-D45B219C3E17.jpeg?resize=525%2C394\" alt=\"\" class=\"wp-image-2472\" srcset=\"https:\/\/i0.wp.com\/www.erenarch.com\/wp-content\/uploads\/2022\/08\/1C85C9F7-65FA-4EB3-8F71-D45B219C3E17-scaled.jpeg?resize=1024%2C768 1024w, https:\/\/i0.wp.com\/www.erenarch.com\/wp-content\/uploads\/2022\/08\/1C85C9F7-65FA-4EB3-8F71-D45B219C3E17-scaled.jpeg?resize=300%2C225 300w, https:\/\/i0.wp.com\/www.erenarch.com\/wp-content\/uploads\/2022\/08\/1C85C9F7-65FA-4EB3-8F71-D45B219C3E17-scaled.jpeg?resize=768%2C576 768w, https:\/\/i0.wp.com\/www.erenarch.com\/wp-content\/uploads\/2022\/08\/1C85C9F7-65FA-4EB3-8F71-D45B219C3E17-scaled.jpeg?resize=1536%2C1152 1536w, https:\/\/i0.wp.com\/www.erenarch.com\/wp-content\/uploads\/2022\/08\/1C85C9F7-65FA-4EB3-8F71-D45B219C3E17-scaled.jpeg?resize=2048%2C1536 2048w\" sizes=\"(max-width: 767px) 89vw, (max-width: 1000px) 54vw, (max-width: 1071px) 543px, 580px\" data-recalc-dims=\"1\" \/><\/figure>\n\n\n\n<figure class=\"wp-block-image size-large\"><img loading=\"lazy\" width=\"525\" height=\"394\" src=\"https:\/\/i0.wp.com\/www.erenarch.com\/wp-content\/uploads\/2022\/08\/E75BC62C-40B0-49A6-B20D-C9B4D314A46A.jpeg?resize=525%2C394\" alt=\"\" class=\"wp-image-2470\" srcset=\"https:\/\/i0.wp.com\/www.erenarch.com\/wp-content\/uploads\/2022\/08\/E75BC62C-40B0-49A6-B20D-C9B4D314A46A-scaled.jpeg?resize=1024%2C768 1024w, https:\/\/i0.wp.com\/www.erenarch.com\/wp-content\/uploads\/2022\/08\/E75BC62C-40B0-49A6-B20D-C9B4D314A46A-scaled.jpeg?resize=300%2C225 300w, https:\/\/i0.wp.com\/www.erenarch.com\/wp-content\/uploads\/2022\/08\/E75BC62C-40B0-49A6-B20D-C9B4D314A46A-scaled.jpeg?resize=768%2C576 768w, https:\/\/i0.wp.com\/www.erenarch.com\/wp-content\/uploads\/2022\/08\/E75BC62C-40B0-49A6-B20D-C9B4D314A46A-scaled.jpeg?resize=1536%2C1152 1536w, https:\/\/i0.wp.com\/www.erenarch.com\/wp-content\/uploads\/2022\/08\/E75BC62C-40B0-49A6-B20D-C9B4D314A46A-scaled.jpeg?resize=2048%2C1536 2048w\" sizes=\"(max-width: 767px) 89vw, (max-width: 1000px) 54vw, (max-width: 1071px) 543px, 580px\" data-recalc-dims=\"1\" \/><\/figure>\n\n\n\n<figure class=\"wp-block-image size-large is-resized\"><img loading=\"lazy\" src=\"https:\/\/i0.wp.com\/www.erenarch.com\/wp-content\/uploads\/2022\/08\/0DAD3DD4-1C5D-44BA-9021-FD3C6414CD8B.jpeg?resize=335%2C251\" alt=\"\" class=\"wp-image-2469\" width=\"335\" height=\"251\" srcset=\"https:\/\/i0.wp.com\/www.erenarch.com\/wp-content\/uploads\/2022\/08\/0DAD3DD4-1C5D-44BA-9021-FD3C6414CD8B-scaled.jpeg?resize=1024%2C768 1024w, https:\/\/i0.wp.com\/www.erenarch.com\/wp-content\/uploads\/2022\/08\/0DAD3DD4-1C5D-44BA-9021-FD3C6414CD8B-scaled.jpeg?resize=300%2C225 300w, https:\/\/i0.wp.com\/www.erenarch.com\/wp-content\/uploads\/2022\/08\/0DAD3DD4-1C5D-44BA-9021-FD3C6414CD8B-scaled.jpeg?resize=768%2C576 768w, https:\/\/i0.wp.com\/www.erenarch.com\/wp-content\/uploads\/2022\/08\/0DAD3DD4-1C5D-44BA-9021-FD3C6414CD8B-scaled.jpeg?resize=1536%2C1152 1536w, https:\/\/i0.wp.com\/www.erenarch.com\/wp-content\/uploads\/2022\/08\/0DAD3DD4-1C5D-44BA-9021-FD3C6414CD8B-scaled.jpeg?resize=2048%2C1536 2048w\" sizes=\"(max-width: 335px) 100vw, 335px\" data-recalc-dims=\"1\" \/><\/figure>\n\n\n\n<figure class=\"wp-block-image size-large\"><img loading=\"lazy\" width=\"525\" height=\"394\" src=\"https:\/\/i0.wp.com\/www.erenarch.com\/wp-content\/uploads\/2022\/08\/4BE87A52-CD8A-4409-BC3C-95B7831AEE0F.jpeg?resize=525%2C394\" alt=\"\" class=\"wp-image-2471\" srcset=\"https:\/\/i0.wp.com\/www.erenarch.com\/wp-content\/uploads\/2022\/08\/4BE87A52-CD8A-4409-BC3C-95B7831AEE0F-scaled.jpeg?resize=1024%2C768 1024w, https:\/\/i0.wp.com\/www.erenarch.com\/wp-content\/uploads\/2022\/08\/4BE87A52-CD8A-4409-BC3C-95B7831AEE0F-scaled.jpeg?resize=300%2C225 300w, https:\/\/i0.wp.com\/www.erenarch.com\/wp-content\/uploads\/2022\/08\/4BE87A52-CD8A-4409-BC3C-95B7831AEE0F-scaled.jpeg?resize=768%2C576 768w, https:\/\/i0.wp.com\/www.erenarch.com\/wp-content\/uploads\/2022\/08\/4BE87A52-CD8A-4409-BC3C-95B7831AEE0F-scaled.jpeg?resize=1536%2C1152 1536w, https:\/\/i0.wp.com\/www.erenarch.com\/wp-content\/uploads\/2022\/08\/4BE87A52-CD8A-4409-BC3C-95B7831AEE0F-scaled.jpeg?resize=2048%2C1536 2048w\" sizes=\"(max-width: 767px) 89vw, (max-width: 1000px) 54vw, (max-width: 1071px) 543px, 580px\" data-recalc-dims=\"1\" \/><\/figure>\n","protected":false},"excerpt":{"rendered":"","protected":false},"author":1,"featured_media":0,"parent":1948,"menu_order":0,"comment_status":"closed","ping_status":"closed","template":"","meta":[],"jetpack_sharing_enabled":true,"jetpack-related-posts":[],"_links":{"self":[{"href":"http:\/\/www.erenarch.com\/index.php\/wp-json\/wp\/v2\/pages\/2468"}],"collection":[{"href":"http:\/\/www.erenarch.com\/index.php\/wp-json\/wp\/v2\/pages"}],"about":[{"href":"http:\/\/www.erenarch.com\/index.php\/wp-json\/wp\/v2\/types\/page"}],"author":[{"embeddable":true,"href":"http:\/\/www.erenarch.com\/index.php\/wp-json\/wp\/v2\/users\/1"}],"replies":[{"embeddable":true,"href":"http:\/\/www.erenarch.com\/index.php\/wp-json\/wp\/v2\/comments?post=2468"}],"version-history":[{"count":3,"href":"http:\/\/www.erenarch.com\/index.php\/wp-json\/wp\/v2\/pages\/2468\/revisions"}],"predecessor-version":[{"id":2503,"href":"http:\/\/www.erenarch.com\/index.php\/wp-json\/wp\/v2\/pages\/2468\/revisions\/2503"}],"up":[{"embeddable":true,"href":"http:\/\/www.erenarch.com\/index.php\/wp-json\/wp\/v2\/pages\/1948"}],"wp:attachment":[{"href":"http:\/\/www.erenarch.com\/index.php\/wp-json\/wp\/v2\/media?parent=2468"}],"curies":[{"name":"wp","href":"https:\/\/api.w.org\/{rel}","templated":true}]}}