{"id":2419,"date":"2022-01-08T13:10:41","date_gmt":"2022-01-08T10:10:41","guid":{"rendered":"http:\/\/www.erenarch.com\/?page_id=2419"},"modified":"2022-01-08T13:14:27","modified_gmt":"2022-01-08T10:14:27","slug":"rolove-restorasyon-conservation","status":"publish","type":"page","link":"http:\/\/www.erenarch.com\/index.php\/rolove-restorasyon-conservation\/","title":{"rendered":"R\u00d6L\u00d6VE-RESTORASYON \/ CONSERVATION"},"content":{"rendered":"\n<p>MELEK ERDO\u011eAN- MAC\u0130DE \u00d6ZBEK EV\u0130 RESTORASYON PROJES\u0130\/ MELEK ERDO\u011eAN- MAC\u0130DE \u00d6ZBEK HOUSE RESTORATION PROJECT (Ba\u011flarba\u015f\u0131 &#8211; \u00dcsk\u00fcdar \/\u0130STANBUL), 2014-2018<br><\/p>\n\n\n\n<figure class=\"wp-block-image size-large\"><a href=\"http:\/\/www.erenarch.com\/index.php\/rolove-restorasyon-conservation\/melek-erdogan-macide-ozbek-evi-melek-erdogan-macide-ozbek-restoration-projectbaglarbasi-uskudar-istanbul\/img_2237\/\" rel=\"http:\/\/www.erenarch.com\/index.php\/rolove-restorasyon-conservation\/melek-erdogan-macide-ozbek-evi-melek-erdogan-macide-ozbek-restoration-projectbaglarbasi-uskudar-istanbul\/\"><img loading=\"lazy\" width=\"525\" height=\"394\" src=\"https:\/\/i0.wp.com\/www.erenarch.com\/wp-content\/uploads\/2021\/12\/IMG_2237.jpg?resize=525%2C394\" alt=\"\" class=\"wp-image-2069\" srcset=\"https:\/\/i0.wp.com\/www.erenarch.com\/wp-content\/uploads\/2021\/12\/IMG_2237-scaled.jpg?resize=1024%2C768 1024w, https:\/\/i0.wp.com\/www.erenarch.com\/wp-content\/uploads\/2021\/12\/IMG_2237-scaled.jpg?resize=300%2C225 300w, https:\/\/i0.wp.com\/www.erenarch.com\/wp-content\/uploads\/2021\/12\/IMG_2237-scaled.jpg?resize=768%2C576 768w, https:\/\/i0.wp.com\/www.erenarch.com\/wp-content\/uploads\/2021\/12\/IMG_2237-scaled.jpg?resize=1536%2C1152 1536w, https:\/\/i0.wp.com\/www.erenarch.com\/wp-content\/uploads\/2021\/12\/IMG_2237-scaled.jpg?resize=2048%2C1536 2048w\" sizes=\"(max-width: 767px) 89vw, (max-width: 1000px) 54vw, (max-width: 1071px) 543px, 580px\" data-recalc-dims=\"1\" \/><\/a><\/figure>\n","protected":false},"excerpt":{"rendered":"<p>MELEK ERDO\u011eAN- MAC\u0130DE \u00d6ZBEK EV\u0130 RESTORASYON PROJES\u0130\/ MELEK ERDO\u011eAN- MAC\u0130DE \u00d6ZBEK HOUSE RESTORATION PROJECT (Ba\u011flarba\u015f\u0131 &#8211; \u00dcsk\u00fcdar \/\u0130STANBUL), 2014-2018<\/p>\n","protected":false},"author":1,"featured_media":0,"parent":0,"menu_order":0,"comment_status":"closed","ping_status":"closed","template":"","meta":[],"jetpack_sharing_enabled":true,"jetpack-related-posts":[],"_links":{"self":[{"href":"http:\/\/www.erenarch.com\/index.php\/wp-json\/wp\/v2\/pages\/2419"}],"collection":[{"href":"http:\/\/www.erenarch.com\/index.php\/wp-json\/wp\/v2\/pages"}],"about":[{"href":"http:\/\/www.erenarch.com\/index.php\/wp-json\/wp\/v2\/types\/page"}],"author":[{"embeddable":true,"href":"http:\/\/www.erenarch.com\/index.php\/wp-json\/wp\/v2\/users\/1"}],"replies":[{"embeddable":true,"href":"http:\/\/www.erenarch.com\/index.php\/wp-json\/wp\/v2\/comments?post=2419"}],"version-history":[{"count":3,"href":"http:\/\/www.erenarch.com\/index.php\/wp-json\/wp\/v2\/pages\/2419\/revisions"}],"predecessor-version":[{"id":2423,"href":"http:\/\/www.erenarch.com\/index.php\/wp-json\/wp\/v2\/pages\/2419\/revisions\/2423"}],"wp:attachment":[{"href":"http:\/\/www.erenarch.com\/index.php\/wp-json\/wp\/v2\/media?parent=2419"}],"curies":[{"name":"wp","href":"https:\/\/api.w.org\/{rel}","templated":true}]}}