{"id":2395,"date":"2022-01-08T12:51:37","date_gmt":"2022-01-08T09:51:37","guid":{"rendered":"http:\/\/www.erenarch.com\/?page_id=2395"},"modified":"2022-01-08T12:53:53","modified_gmt":"2022-01-08T09:53:53","slug":"calisma-yemek-mekani-working-dining-place-kozyatagi-kadikoy-istanbul","status":"publish","type":"page","link":"http:\/\/www.erenarch.com\/index.php\/ic-mekan-interior\/calisma-yemek-mekani-working-dining-place-kozyatagi-kadikoy-istanbul\/","title":{"rendered":"\u00c7ALI\u015eMA-YEMEK MEKANI\/ WORKING-DINING PLACE (KOZYATA\u011eI-KADIK\u00d6Y, \u0130STANBUL)"},"content":{"rendered":"\n<figure class=\"wp-block-image size-large\"><img loading=\"lazy\" width=\"525\" height=\"318\" src=\"https:\/\/i0.wp.com\/www.erenarch.com\/wp-content\/uploads\/2022\/01\/1E81CBAF-B50A-4081-BFCB-2E127AA7D122.jpeg?resize=525%2C318\" alt=\"\" class=\"wp-image-2396\" srcset=\"https:\/\/i0.wp.com\/www.erenarch.com\/wp-content\/uploads\/2022\/01\/1E81CBAF-B50A-4081-BFCB-2E127AA7D122-scaled.jpeg?resize=1024%2C621 1024w, https:\/\/i0.wp.com\/www.erenarch.com\/wp-content\/uploads\/2022\/01\/1E81CBAF-B50A-4081-BFCB-2E127AA7D122-scaled.jpeg?resize=300%2C182 300w, https:\/\/i0.wp.com\/www.erenarch.com\/wp-content\/uploads\/2022\/01\/1E81CBAF-B50A-4081-BFCB-2E127AA7D122-scaled.jpeg?resize=768%2C466 768w, https:\/\/i0.wp.com\/www.erenarch.com\/wp-content\/uploads\/2022\/01\/1E81CBAF-B50A-4081-BFCB-2E127AA7D122-scaled.jpeg?resize=1536%2C931 1536w, https:\/\/i0.wp.com\/www.erenarch.com\/wp-content\/uploads\/2022\/01\/1E81CBAF-B50A-4081-BFCB-2E127AA7D122-scaled.jpeg?resize=2048%2C1241 2048w\" sizes=\"(max-width: 767px) 89vw, (max-width: 1000px) 54vw, (max-width: 1071px) 543px, 580px\" data-recalc-dims=\"1\" \/><\/figure>\n","protected":false},"excerpt":{"rendered":"","protected":false},"author":1,"featured_media":0,"parent":2398,"menu_order":0,"comment_status":"closed","ping_status":"closed","template":"","meta":[],"jetpack_sharing_enabled":true,"jetpack-related-posts":[],"_links":{"self":[{"href":"http:\/\/www.erenarch.com\/index.php\/wp-json\/wp\/v2\/pages\/2395"}],"collection":[{"href":"http:\/\/www.erenarch.com\/index.php\/wp-json\/wp\/v2\/pages"}],"about":[{"href":"http:\/\/www.erenarch.com\/index.php\/wp-json\/wp\/v2\/types\/page"}],"author":[{"embeddable":true,"href":"http:\/\/www.erenarch.com\/index.php\/wp-json\/wp\/v2\/users\/1"}],"replies":[{"embeddable":true,"href":"http:\/\/www.erenarch.com\/index.php\/wp-json\/wp\/v2\/comments?post=2395"}],"version-history":[{"count":1,"href":"http:\/\/www.erenarch.com\/index.php\/wp-json\/wp\/v2\/pages\/2395\/revisions"}],"predecessor-version":[{"id":2397,"href":"http:\/\/www.erenarch.com\/index.php\/wp-json\/wp\/v2\/pages\/2395\/revisions\/2397"}],"up":[{"embeddable":true,"href":"http:\/\/www.erenarch.com\/index.php\/wp-json\/wp\/v2\/pages\/2398"}],"wp:attachment":[{"href":"http:\/\/www.erenarch.com\/index.php\/wp-json\/wp\/v2\/media?parent=2395"}],"curies":[{"name":"wp","href":"https:\/\/api.w.org\/{rel}","templated":true}]}}