{"id":2367,"date":"2022-01-08T00:38:04","date_gmt":"2022-01-07T21:38:04","guid":{"rendered":"http:\/\/www.erenarch.com\/?page_id=2367"},"modified":"2022-01-08T01:00:27","modified_gmt":"2022-01-07T22:00:27","slug":"erenler-mimarlik-ofisi-kurulusundan-once-cesitli-ofis-ve-firmalar-altinda-yapilan-isler-chosen-works-done-in-colloboration-within-other-offices-before-erenler-architecture","status":"publish","type":"page","link":"http:\/\/www.erenarch.com\/index.php\/erenler-mimarlik-ofisi-kurulusundan-once-cesitli-ofis-ve-firmalar-altinda-yapilan-isler-chosen-works-done-in-colloboration-within-other-offices-before-erenler-architecture\/","title":{"rendered":"ERENLER M\u0130MARLIK OF\u0130S\u0130 KURULU\u015eUNDAN \u00d6NCE \u00c7E\u015e\u0130TL\u0130 OF\u0130S VE F\u0130RMALAR ALTINDA YAPILAN \u0130\u015eLER \/ CHOSEN WORKS DONE IN COLLOBORATION WITHIN OTHER OFFICES BEFORE ERENLER ARCHITECTURE"},"content":{"rendered":"\n<p><\/p>\n\n\n\n<p><\/p>\n\n\n\n<p><\/p>\n\n\n\n<p>AKASYA AVM\/ AKASYA RESIDENTIAL COMPLEX (ACIBADEM\/ \u0130STANBUL)<\/p>\n\n\n\n<figure class=\"wp-block-image size-large\"><a href=\"http:\/\/www.erenarch.com\/index.php\/erenler-mimarlik-ofisi-kurulusundan-once-cesitli-ofis-ve-firmalar-altinda-yapilan-isler-chosen-works-done-in-colloboration-within-other-offices-before-erenler-architecture\/akasya-avm-akasya-residential-complex-acibadem-istanbul\/akasya2-1\/\" rel=\"http:\/\/www.erenarch.com\/index.php\/erenler-mimarlik-ofisi-kurulusundan-once-cesitli-ofis-ve-firmalar-altinda-yapilan-isler-chosen-works-done-in-colloboration-within-other-offices-before-erenler-architecture\/akasya-avm-akasya-residential-complex-acibadem-istanbul\/\"><img loading=\"lazy\" width=\"525\" height=\"371\" src=\"https:\/\/i0.wp.com\/www.erenarch.com\/wp-content\/uploads\/2021\/12\/AKASYA2-1.jpg?resize=525%2C371\" alt=\"\" class=\"wp-image-2154\" srcset=\"https:\/\/i0.wp.com\/www.erenarch.com\/wp-content\/uploads\/2021\/12\/AKASYA2-1-scaled.jpg?resize=1024%2C724 1024w, https:\/\/i0.wp.com\/www.erenarch.com\/wp-content\/uploads\/2021\/12\/AKASYA2-1-scaled.jpg?resize=300%2C212 300w, https:\/\/i0.wp.com\/www.erenarch.com\/wp-content\/uploads\/2021\/12\/AKASYA2-1-scaled.jpg?resize=768%2C543 768w, https:\/\/i0.wp.com\/www.erenarch.com\/wp-content\/uploads\/2021\/12\/AKASYA2-1-scaled.jpg?resize=1536%2C1086 1536w, https:\/\/i0.wp.com\/www.erenarch.com\/wp-content\/uploads\/2021\/12\/AKASYA2-1-scaled.jpg?resize=2048%2C1448 2048w\" sizes=\"(max-width: 767px) 89vw, (max-width: 1000px) 54vw, (max-width: 1071px) 543px, 580px\" data-recalc-dims=\"1\" \/><\/a><\/figure>\n\n\n\n<p><\/p>\n\n\n\n<p><\/p>\n\n\n\n<p>FUGA MOB\u0130LYA Y\u00d6NET\u0130M MERKEZ\u0130\/ FUGA FURNITURE COMPANY HEAD OFFICE (GEBZE, \u0130STANBUL)<\/p>\n\n\n\n<figure class=\"wp-block-image size-large\"><a href=\"http:\/\/www.erenarch.com\/index.php\/projeler-projects\/fuga-mobilya-yonetim-merkezi-fuga-furniture-company-head-office-gebze-istanbul\/imag0293\/\" rel=\"http:\/\/www.erenarch.com\/index.php\/projeler-projects\/fuga-mobilya-yonetim-merkezi-fuga-furniture-company-head-office-gebze-istanbul\/\"><img loading=\"lazy\" width=\"525\" height=\"314\" src=\"https:\/\/i0.wp.com\/www.erenarch.com\/wp-content\/uploads\/2021\/12\/IMAG0293.jpg?resize=525%2C314\" alt=\"\" class=\"wp-image-2141\" srcset=\"https:\/\/i0.wp.com\/www.erenarch.com\/wp-content\/uploads\/2021\/12\/IMAG0293-scaled.jpg?resize=1024%2C613 1024w, https:\/\/i0.wp.com\/www.erenarch.com\/wp-content\/uploads\/2021\/12\/IMAG0293-scaled.jpg?resize=300%2C180 300w, https:\/\/i0.wp.com\/www.erenarch.com\/wp-content\/uploads\/2021\/12\/IMAG0293-scaled.jpg?resize=768%2C460 768w, https:\/\/i0.wp.com\/www.erenarch.com\/wp-content\/uploads\/2021\/12\/IMAG0293-scaled.jpg?resize=1536%2C920 1536w, https:\/\/i0.wp.com\/www.erenarch.com\/wp-content\/uploads\/2021\/12\/IMAG0293-scaled.jpg?resize=2048%2C1226 2048w, https:\/\/i0.wp.com\/www.erenarch.com\/wp-content\/uploads\/2021\/12\/IMAG0293-scaled.jpg?resize=2000%2C1200 2000w\" sizes=\"(max-width: 767px) 89vw, (max-width: 1000px) 54vw, (max-width: 1071px) 543px, 580px\" data-recalc-dims=\"1\" \/><\/a><\/figure>\n\n\n\n<p>SAMET MOB\u0130LYA Y\u00d6NET\u0130M MERKEZ\u0130\/ SAMET FURNITURE HEAD OFFICE (\u0130STANBUL)<\/p>\n\n\n\n<p><\/p>\n\n\n\n<p><\/p>\n\n\n\n<figure class=\"wp-block-image size-large\"><a href=\"http:\/\/www.erenarch.com\/index.php\/erenler-mimarlik-ofisi-kurulusundan-once-cesitli-ofis-ve-firmalar-altinda-yapilan-isler-chosen-works-done-in-colloboration-within-other-offices-before-erenler-architecture\/samet-mobilya-yonetim-merkezi-samet-furniture-head-office-istanbul\/imag0647\/\" rel=\"http:\/\/www.erenarch.com\/index.php\/erenler-mimarlik-ofisi-kurulusundan-once-cesitli-ofis-ve-firmalar-altinda-yapilan-isler-chosen-works-done-in-colloboration-within-other-offices-before-erenler-architecture\/samet-mobilya-yonetim-merkezi-samet-furniture-head-office-istanbul\/\"><img loading=\"lazy\" width=\"525\" height=\"314\" src=\"https:\/\/i0.wp.com\/www.erenarch.com\/wp-content\/uploads\/2022\/01\/IMAG0647.jpg?resize=525%2C314\" alt=\"\" class=\"wp-image-2304\" srcset=\"https:\/\/i0.wp.com\/www.erenarch.com\/wp-content\/uploads\/2022\/01\/IMAG0647-scaled.jpg?resize=1024%2C613 1024w, https:\/\/i0.wp.com\/www.erenarch.com\/wp-content\/uploads\/2022\/01\/IMAG0647-scaled.jpg?resize=300%2C180 300w, https:\/\/i0.wp.com\/www.erenarch.com\/wp-content\/uploads\/2022\/01\/IMAG0647-scaled.jpg?resize=768%2C460 768w, https:\/\/i0.wp.com\/www.erenarch.com\/wp-content\/uploads\/2022\/01\/IMAG0647-scaled.jpg?resize=1536%2C920 1536w, https:\/\/i0.wp.com\/www.erenarch.com\/wp-content\/uploads\/2022\/01\/IMAG0647-scaled.jpg?resize=2048%2C1226 2048w, https:\/\/i0.wp.com\/www.erenarch.com\/wp-content\/uploads\/2022\/01\/IMAG0647-scaled.jpg?resize=2000%2C1200 2000w\" sizes=\"(max-width: 767px) 89vw, (max-width: 1000px) 54vw, (max-width: 1071px) 543px, 580px\" data-recalc-dims=\"1\" \/><\/a><\/figure>\n\n\n\n<p><\/p>\n\n\n\n<p><\/p>\n\n\n\n<p>FORUM \u0130STANBUL AVM \u00c7ATI UYGULAMA \/ FORUM ISTANBUL SHOPPING MALL ROOF STRUCTURE (\u0130STANBUL)<\/p>\n\n\n\n<figure class=\"wp-block-image size-large\"><a href=\"http:\/\/www.erenarch.com\/index.php\/erenler-mimarlik-ofisi-kurulusundan-once-cesitli-ofis-ve-firmalar-altinda-yapilan-isler-chosen-works-done-in-colloboration-within-other-offices-before-erenler-architecture\/forum-istanbul-avm-cati-uygulama-forum-istanbul-shopping-mall-roof-structure-istanbul\/dsc06247\/\" rel=\"http:\/\/www.erenarch.com\/index.php\/erenler-mimarlik-ofisi-kurulusundan-once-cesitli-ofis-ve-firmalar-altinda-yapilan-isler-chosen-works-done-in-colloboration-within-other-offices-before-erenler-architecture\/forum-istanbul-avm-cati-uygulama-forum-istanbul-shopping-mall-roof-structure-istanbul\/\"><img loading=\"lazy\" width=\"525\" height=\"394\" src=\"https:\/\/i0.wp.com\/www.erenarch.com\/wp-content\/uploads\/2022\/01\/DSC06247.jpg?resize=525%2C394\" alt=\"\" class=\"wp-image-2264\" srcset=\"https:\/\/i0.wp.com\/www.erenarch.com\/wp-content\/uploads\/2022\/01\/DSC06247-scaled.jpg?resize=1024%2C768 1024w, https:\/\/i0.wp.com\/www.erenarch.com\/wp-content\/uploads\/2022\/01\/DSC06247-scaled.jpg?resize=300%2C225 300w, https:\/\/i0.wp.com\/www.erenarch.com\/wp-content\/uploads\/2022\/01\/DSC06247-scaled.jpg?resize=768%2C576 768w, https:\/\/i0.wp.com\/www.erenarch.com\/wp-content\/uploads\/2022\/01\/DSC06247-scaled.jpg?resize=1536%2C1152 1536w, https:\/\/i0.wp.com\/www.erenarch.com\/wp-content\/uploads\/2022\/01\/DSC06247-scaled.jpg?resize=2048%2C1536 2048w\" sizes=\"(max-width: 767px) 89vw, (max-width: 1000px) 54vw, (max-width: 1071px) 543px, 580px\" data-recalc-dims=\"1\" \/><\/a><\/figure>\n\n\n\n<p><\/p>\n\n\n\n<p>FORUM MARMARA AVM \/FORUM MARMARA SHOPPING MALL (\u0130STANBUL)<\/p>\n\n\n\n<figure class=\"wp-block-image size-large\"><a href=\"http:\/\/www.erenarch.com\/index.php\/erenler-mimarlik-ofisi-kurulusundan-once-cesitli-ofis-ve-firmalar-altinda-yapilan-isler-chosen-works-done-in-colloboration-within-other-offices-before-erenler-architecture\/forum-istanbul-avm-cati-uygulama-forum-istanbul-shopping-mall-roof-structure-istanbul\/dsc06793\/\" rel=\"http:\/\/www.erenarch.com\/index.php\/erenler-mimarlik-ofisi-kurulusundan-once-cesitli-ofis-ve-firmalar-altinda-yapilan-isler-chosen-works-done-in-colloboration-within-other-offices-before-erenler-architecture\/forum-marmara-avam-forum-marmara-shopping-mall-istanbul\/\"><img loading=\"lazy\" width=\"525\" height=\"394\" src=\"https:\/\/i0.wp.com\/www.erenarch.com\/wp-content\/uploads\/2022\/01\/DSC06793.jpg?resize=525%2C394\" alt=\"\" class=\"wp-image-2266\" srcset=\"https:\/\/i0.wp.com\/www.erenarch.com\/wp-content\/uploads\/2022\/01\/DSC06793-scaled.jpg?resize=1024%2C768 1024w, https:\/\/i0.wp.com\/www.erenarch.com\/wp-content\/uploads\/2022\/01\/DSC06793-scaled.jpg?resize=300%2C225 300w, https:\/\/i0.wp.com\/www.erenarch.com\/wp-content\/uploads\/2022\/01\/DSC06793-scaled.jpg?resize=768%2C576 768w, https:\/\/i0.wp.com\/www.erenarch.com\/wp-content\/uploads\/2022\/01\/DSC06793-scaled.jpg?resize=1536%2C1152 1536w, https:\/\/i0.wp.com\/www.erenarch.com\/wp-content\/uploads\/2022\/01\/DSC06793-scaled.jpg?resize=2048%2C1536 2048w\" sizes=\"(max-width: 767px) 89vw, (max-width: 1000px) 54vw, (max-width: 1071px) 543px, 580px\" data-recalc-dims=\"1\" \/><\/a><\/figure>\n\n\n\n<p><\/p>\n\n\n\n<p><\/p>\n\n\n\n<p>GOODVIN AVM \/ GOODWIN SHOPPING MALL (TYUMEN \/ RUSSIA)<\/p>\n\n\n\n<figure class=\"wp-block-image size-full\"><a href=\"http:\/\/www.erenarch.com\/index.php\/erenler-mimarlik-ofisi-kurulusundan-once-cesitli-ofis-ve-firmalar-altinda-yapilan-isler-chosen-works-done-in-colloboration-within-other-offices-before-erenler-architecture\/goodvin-avm-goodwin-shopping-mall-tyumen-russia\/unknown\/\" rel=\"http:\/\/www.erenarch.com\/index.php\/erenler-mimarlik-ofisi-kurulusundan-once-cesitli-ofis-ve-firmalar-altinda-yapilan-isler-chosen-works-done-in-colloboration-within-other-offices-before-erenler-architecture\/goodvin-avm-goodwin-shopping-mall-tyumen-russia\/\"><img loading=\"lazy\" width=\"282\" height=\"179\" src=\"https:\/\/i0.wp.com\/www.erenarch.com\/wp-content\/uploads\/2022\/01\/Unknown.jpeg?resize=282%2C179\" alt=\"\" class=\"wp-image-2318\" data-recalc-dims=\"1\"\/><\/a><\/figure>\n","protected":false},"excerpt":{"rendered":"<p>AKASYA AVM\/ AKASYA RESIDENTIAL COMPLEX (ACIBADEM\/ \u0130STANBUL) FUGA MOB\u0130LYA Y\u00d6NET\u0130M MERKEZ\u0130\/ FUGA FURNITURE COMPANY HEAD OFFICE (GEBZE, \u0130STANBUL) SAMET MOB\u0130LYA Y\u00d6NET\u0130M MERKEZ\u0130\/ SAMET FURNITURE HEAD OFFICE (\u0130STANBUL) FORUM \u0130STANBUL AVM \u00c7ATI UYGULAMA \/ FORUM ISTANBUL SHOPPING MALL ROOF STRUCTURE (\u0130STANBUL) FORUM MARMARA AVM \/FORUM MARMARA SHOPPING MALL (\u0130STANBUL) GOODVIN AVM \/ GOODWIN SHOPPING MALL (TYUMEN &hellip; <\/p>\n<p class=\"link-more\"><a href=\"http:\/\/www.erenarch.com\/index.php\/erenler-mimarlik-ofisi-kurulusundan-once-cesitli-ofis-ve-firmalar-altinda-yapilan-isler-chosen-works-done-in-colloboration-within-other-offices-before-erenler-architecture\/\" class=\"more-link\">Continue reading<span class=\"screen-reader-text\"> &#8220;ERENLER M\u0130MARLIK OF\u0130S\u0130 KURULU\u015eUNDAN \u00d6NCE \u00c7E\u015e\u0130TL\u0130 OF\u0130S VE F\u0130RMALAR ALTINDA YAPILAN \u0130\u015eLER \/ CHOSEN WORKS DONE IN COLLOBORATION WITHIN OTHER OFFICES BEFORE ERENLER ARCHITECTURE&#8221;<\/span><\/a><\/p>\n","protected":false},"author":1,"featured_media":0,"parent":0,"menu_order":0,"comment_status":"closed","ping_status":"closed","template":"","meta":[],"jetpack_sharing_enabled":true,"jetpack-related-posts":[],"_links":{"self":[{"href":"http:\/\/www.erenarch.com\/index.php\/wp-json\/wp\/v2\/pages\/2367"}],"collection":[{"href":"http:\/\/www.erenarch.com\/index.php\/wp-json\/wp\/v2\/pages"}],"about":[{"href":"http:\/\/www.erenarch.com\/index.php\/wp-json\/wp\/v2\/types\/page"}],"author":[{"embeddable":true,"href":"http:\/\/www.erenarch.com\/index.php\/wp-json\/wp\/v2\/users\/1"}],"replies":[{"embeddable":true,"href":"http:\/\/www.erenarch.com\/index.php\/wp-json\/wp\/v2\/comments?post=2367"}],"version-history":[{"count":13,"href":"http:\/\/www.erenarch.com\/index.php\/wp-json\/wp\/v2\/pages\/2367\/revisions"}],"predecessor-version":[{"id":2394,"href":"http:\/\/www.erenarch.com\/index.php\/wp-json\/wp\/v2\/pages\/2367\/revisions\/2394"}],"wp:attachment":[{"href":"http:\/\/www.erenarch.com\/index.php\/wp-json\/wp\/v2\/media?parent=2367"}],"curies":[{"name":"wp","href":"https:\/\/api.w.org\/{rel}","templated":true}]}}