{"id":2357,"date":"2022-01-08T00:28:52","date_gmt":"2022-01-07T21:28:52","guid":{"rendered":"http:\/\/www.erenarch.com\/?page_id=2357"},"modified":"2022-01-08T00:32:34","modified_gmt":"2022-01-07T21:32:34","slug":"yarisma-projeleri-competitions","status":"publish","type":"page","link":"http:\/\/www.erenarch.com\/index.php\/yarisma-projeleri-competitions\/","title":{"rendered":"YARI\u015eMA PROJELER\u0130 \/COMPETITIONS"},"content":{"rendered":"\n<p><\/p>\n\n\n\n<p>Bitlis H\u00fck\u00fcmet Kona\u011f\u0131 Mimari Proje Yar\u0131\u015fmas\u0131. TMMOB (2. ELEME) \u0130mre \u00d6zbek Eren- \u0130brahim Eren (M\u00fcellifler), Nimet Bekar- Dila Ergani (yard\u0131mc\u0131lar), 2008<\/p>\n\n\n\n<figure class=\"wp-block-image size-large\"><a href=\"http:\/\/www.erenarch.com\/index.php\/yarisma-projeleri-competitions\/mimari-proje-yarismasi-bitlis-hukumet-konagi-tmmob-2-eleme-imre-ozbek-eren-ibrahim-eren-muellifler-nimet-bekar-dila-ergani-yardimcilar-2008\/imre-2\/\" rel=\"http:\/\/www.erenarch.com\/index.php\/mimari-proje-yarismasi-bitlis-hukumet-konagi-tmmob-2-eleme-imre-ozbek-eren-ibrahim-eren-muellifler-nimet-bekar-dila-ergani-yardimcilar-2008\/\"><img loading=\"lazy\" width=\"525\" height=\"394\" src=\"https:\/\/i0.wp.com\/www.erenarch.com\/wp-content\/uploads\/2022\/01\/Imre-2.jpg?resize=525%2C394\" alt=\"\" class=\"wp-image-2352\" srcset=\"https:\/\/i0.wp.com\/www.erenarch.com\/wp-content\/uploads\/2022\/01\/Imre-2.jpg?resize=1024%2C768 1024w, https:\/\/i0.wp.com\/www.erenarch.com\/wp-content\/uploads\/2022\/01\/Imre-2.jpg?resize=300%2C225 300w, https:\/\/i0.wp.com\/www.erenarch.com\/wp-content\/uploads\/2022\/01\/Imre-2.jpg?resize=768%2C576 768w, https:\/\/i0.wp.com\/www.erenarch.com\/wp-content\/uploads\/2022\/01\/Imre-2.jpg?resize=1536%2C1152 1536w, https:\/\/i0.wp.com\/www.erenarch.com\/wp-content\/uploads\/2022\/01\/Imre-2.jpg?w=2048 2048w\" sizes=\"(max-width: 767px) 89vw, (max-width: 1000px) 54vw, (max-width: 1071px) 543px, 580px\" data-recalc-dims=\"1\" \/><\/a><\/figure>\n","protected":false},"excerpt":{"rendered":"<p>Bitlis H\u00fck\u00fcmet Kona\u011f\u0131 Mimari Proje Yar\u0131\u015fmas\u0131. TMMOB (2. ELEME) \u0130mre \u00d6zbek Eren- \u0130brahim Eren (M\u00fcellifler), Nimet Bekar- Dila Ergani (yard\u0131mc\u0131lar), 2008<\/p>\n","protected":false},"author":1,"featured_media":0,"parent":0,"menu_order":0,"comment_status":"closed","ping_status":"closed","template":"","meta":[],"jetpack_sharing_enabled":true,"jetpack-related-posts":[],"_links":{"self":[{"href":"http:\/\/www.erenarch.com\/index.php\/wp-json\/wp\/v2\/pages\/2357"}],"collection":[{"href":"http:\/\/www.erenarch.com\/index.php\/wp-json\/wp\/v2\/pages"}],"about":[{"href":"http:\/\/www.erenarch.com\/index.php\/wp-json\/wp\/v2\/types\/page"}],"author":[{"embeddable":true,"href":"http:\/\/www.erenarch.com\/index.php\/wp-json\/wp\/v2\/users\/1"}],"replies":[{"embeddable":true,"href":"http:\/\/www.erenarch.com\/index.php\/wp-json\/wp\/v2\/comments?post=2357"}],"version-history":[{"count":3,"href":"http:\/\/www.erenarch.com\/index.php\/wp-json\/wp\/v2\/pages\/2357\/revisions"}],"predecessor-version":[{"id":2362,"href":"http:\/\/www.erenarch.com\/index.php\/wp-json\/wp\/v2\/pages\/2357\/revisions\/2362"}],"wp:attachment":[{"href":"http:\/\/www.erenarch.com\/index.php\/wp-json\/wp\/v2\/media?parent=2357"}],"curies":[{"name":"wp","href":"https:\/\/api.w.org\/{rel}","templated":true}]}}