{"id":2342,"date":"2022-01-08T00:15:09","date_gmt":"2022-01-07T21:15:09","guid":{"rendered":"http:\/\/www.erenarch.com\/?page_id=2342"},"modified":"2022-01-08T00:15:22","modified_gmt":"2022-01-07T21:15:22","slug":"melek-erdogan-macide-ozbek-konut-tasarimi-uskudar-istanbul-2010","status":"publish","type":"page","link":"http:\/\/www.erenarch.com\/index.php\/projeler-projects\/melek-erdogan-macide-ozbek-konut-tasarimi-uskudar-istanbul-2010\/","title":{"rendered":"MELEK ERDO\u011eAN-MAC\u0130DE \u00d6ZBEK KONUT TASARIMI (\u00dcSK\u00dcDAR, \u0130STANBUL) 2010"},"content":{"rendered":"\n<p><\/p>\n\n\n\n<p><strong>\u0130\u015e\u0130N KAPSAMI \/WORK<\/strong> (UYGULANMADI\/NOT CONTINUED)<\/p>\n\n\n\n<p>M\u00dcSTAK\u0130L EV TASARIMI \/ HOUSE DESIGN<\/p>\n\n\n\n<p><\/p>\n\n\n\n<figure class=\"wp-block-image size-large\"><img loading=\"lazy\" width=\"525\" height=\"544\" src=\"https:\/\/i0.wp.com\/www.erenarch.com\/wp-content\/uploads\/2022\/01\/Untitled-1-copy.jpg?resize=525%2C544\" alt=\"\" class=\"wp-image-2343\" srcset=\"https:\/\/i0.wp.com\/www.erenarch.com\/wp-content\/uploads\/2022\/01\/Untitled-1-copy-scaled.jpg?resize=988%2C1024 988w, https:\/\/i0.wp.com\/www.erenarch.com\/wp-content\/uploads\/2022\/01\/Untitled-1-copy-scaled.jpg?resize=289%2C300 289w, https:\/\/i0.wp.com\/www.erenarch.com\/wp-content\/uploads\/2022\/01\/Untitled-1-copy-scaled.jpg?resize=768%2C796 768w, https:\/\/i0.wp.com\/www.erenarch.com\/wp-content\/uploads\/2022\/01\/Untitled-1-copy-scaled.jpg?resize=1482%2C1536 1482w, https:\/\/i0.wp.com\/www.erenarch.com\/wp-content\/uploads\/2022\/01\/Untitled-1-copy-scaled.jpg?resize=1976%2C2048 1976w, https:\/\/i0.wp.com\/www.erenarch.com\/wp-content\/uploads\/2022\/01\/Untitled-1-copy-scaled.jpg?w=1050 1050w, https:\/\/i0.wp.com\/www.erenarch.com\/wp-content\/uploads\/2022\/01\/Untitled-1-copy-scaled.jpg?w=1575 1575w\" sizes=\"(max-width: 767px) 89vw, (max-width: 1000px) 54vw, (max-width: 1071px) 543px, 580px\" data-recalc-dims=\"1\" \/><\/figure>\n\n\n\n<figure class=\"wp-block-image size-large\"><img loading=\"lazy\" width=\"525\" height=\"593\" src=\"https:\/\/i0.wp.com\/www.erenarch.com\/wp-content\/uploads\/2022\/01\/kargirev-mayis.jpg?resize=525%2C593\" alt=\"\" class=\"wp-image-2344\" srcset=\"https:\/\/i0.wp.com\/www.erenarch.com\/wp-content\/uploads\/2022\/01\/kargirev-mayis.jpg?resize=906%2C1024 906w, https:\/\/i0.wp.com\/www.erenarch.com\/wp-content\/uploads\/2022\/01\/kargirev-mayis.jpg?resize=265%2C300 265w, https:\/\/i0.wp.com\/www.erenarch.com\/wp-content\/uploads\/2022\/01\/kargirev-mayis.jpg?resize=768%2C868 768w, https:\/\/i0.wp.com\/www.erenarch.com\/wp-content\/uploads\/2022\/01\/kargirev-mayis.jpg?resize=1359%2C1536 1359w, https:\/\/i0.wp.com\/www.erenarch.com\/wp-content\/uploads\/2022\/01\/kargirev-mayis.jpg?w=1434 1434w, https:\/\/i0.wp.com\/www.erenarch.com\/wp-content\/uploads\/2022\/01\/kargirev-mayis.jpg?w=1050 1050w\" sizes=\"(max-width: 767px) 89vw, (max-width: 1000px) 54vw, (max-width: 1071px) 543px, 580px\" data-recalc-dims=\"1\" \/><\/figure>\n\n\n\n<figure class=\"wp-block-image\"><img alt=\"\"\/><\/figure>\n","protected":false},"excerpt":{"rendered":"<p>\u0130\u015e\u0130N KAPSAMI \/WORK (UYGULANMADI\/NOT CONTINUED) M\u00dcSTAK\u0130L EV TASARIMI \/ HOUSE DESIGN<\/p>\n","protected":false},"author":1,"featured_media":0,"parent":1948,"menu_order":0,"comment_status":"closed","ping_status":"closed","template":"","meta":[],"jetpack_sharing_enabled":true,"jetpack-related-posts":[],"_links":{"self":[{"href":"http:\/\/www.erenarch.com\/index.php\/wp-json\/wp\/v2\/pages\/2342"}],"collection":[{"href":"http:\/\/www.erenarch.com\/index.php\/wp-json\/wp\/v2\/pages"}],"about":[{"href":"http:\/\/www.erenarch.com\/index.php\/wp-json\/wp\/v2\/types\/page"}],"author":[{"embeddable":true,"href":"http:\/\/www.erenarch.com\/index.php\/wp-json\/wp\/v2\/users\/1"}],"replies":[{"embeddable":true,"href":"http:\/\/www.erenarch.com\/index.php\/wp-json\/wp\/v2\/comments?post=2342"}],"version-history":[{"count":1,"href":"http:\/\/www.erenarch.com\/index.php\/wp-json\/wp\/v2\/pages\/2342\/revisions"}],"predecessor-version":[{"id":2346,"href":"http:\/\/www.erenarch.com\/index.php\/wp-json\/wp\/v2\/pages\/2342\/revisions\/2346"}],"up":[{"embeddable":true,"href":"http:\/\/www.erenarch.com\/index.php\/wp-json\/wp\/v2\/pages\/1948"}],"wp:attachment":[{"href":"http:\/\/www.erenarch.com\/index.php\/wp-json\/wp\/v2\/media?parent=2342"}],"curies":[{"name":"wp","href":"https:\/\/api.w.org\/{rel}","templated":true}]}}