{"id":2317,"date":"2022-01-07T23:45:54","date_gmt":"2022-01-07T20:45:54","guid":{"rendered":"http:\/\/www.erenarch.com\/?page_id=2317"},"modified":"2022-01-08T00:39:36","modified_gmt":"2022-01-07T21:39:36","slug":"goodvin-avm-goodwin-shopping-mall-tyumen-russia","status":"publish","type":"page","link":"http:\/\/www.erenarch.com\/index.php\/erenler-mimarlik-ofisi-kurulusundan-once-cesitli-ofis-ve-firmalar-altinda-yapilan-isler-chosen-works-done-in-colloboration-within-other-offices-before-erenler-architecture\/goodvin-avm-goodwin-shopping-mall-tyumen-russia\/","title":{"rendered":"GOODVIN AVM \/ GOODWIN SHOPPING MALL           (TYUMEN \/ RUSSIA)"},"content":{"rendered":"\n<p><em>(2003 with RENAISSANCE CONSTRUCTION)<\/em><\/p>\n\n\n\n<p><strong>\u0130\u015e\u0130N KAPSAMI \/WORK<\/strong><\/p>\n\n\n\n<figure class=\"wp-block-table\"><table><tbody><tr><td>Design , Detailing and Site Coordination&nbsp;&nbsp;&nbsp;~22.000m2<\/td><\/tr><\/tbody><\/table><\/figure>\n\n\n\n<figure class=\"wp-block-image size-full\"><a href=\"http:\/\/www.erenarch.com\/?attachment_id=2318\" rel=\"http:\/\/www.erenarch.com\/index.php\/goodvin-avm-goodwin-shopping-mall-tyumen-russia\/\"><img loading=\"lazy\" width=\"282\" height=\"179\" src=\"https:\/\/i0.wp.com\/www.erenarch.com\/wp-content\/uploads\/2022\/01\/Unknown.jpeg?resize=282%2C179\" alt=\"\" class=\"wp-image-2318\" data-recalc-dims=\"1\"\/><\/a><\/figure>\n","protected":false},"excerpt":{"rendered":"<p>(2003 with RENAISSANCE CONSTRUCTION) \u0130\u015e\u0130N KAPSAMI \/WORK Design , Detailing and Site Coordination&nbsp;&nbsp;&nbsp;~22.000m2<\/p>\n","protected":false},"author":1,"featured_media":0,"parent":2367,"menu_order":0,"comment_status":"closed","ping_status":"closed","template":"","meta":[],"jetpack_sharing_enabled":true,"jetpack-related-posts":[],"_links":{"self":[{"href":"http:\/\/www.erenarch.com\/index.php\/wp-json\/wp\/v2\/pages\/2317"}],"collection":[{"href":"http:\/\/www.erenarch.com\/index.php\/wp-json\/wp\/v2\/pages"}],"about":[{"href":"http:\/\/www.erenarch.com\/index.php\/wp-json\/wp\/v2\/types\/page"}],"author":[{"embeddable":true,"href":"http:\/\/www.erenarch.com\/index.php\/wp-json\/wp\/v2\/users\/1"}],"replies":[{"embeddable":true,"href":"http:\/\/www.erenarch.com\/index.php\/wp-json\/wp\/v2\/comments?post=2317"}],"version-history":[{"count":3,"href":"http:\/\/www.erenarch.com\/index.php\/wp-json\/wp\/v2\/pages\/2317\/revisions"}],"predecessor-version":[{"id":2326,"href":"http:\/\/www.erenarch.com\/index.php\/wp-json\/wp\/v2\/pages\/2317\/revisions\/2326"}],"up":[{"embeddable":true,"href":"http:\/\/www.erenarch.com\/index.php\/wp-json\/wp\/v2\/pages\/2367"}],"wp:attachment":[{"href":"http:\/\/www.erenarch.com\/index.php\/wp-json\/wp\/v2\/media?parent=2317"}],"curies":[{"name":"wp","href":"https:\/\/api.w.org\/{rel}","templated":true}]}}