{"id":2303,"date":"2022-01-07T23:31:21","date_gmt":"2022-01-07T20:31:21","guid":{"rendered":"http:\/\/www.erenarch.com\/?page_id=2303"},"modified":"2022-01-08T00:39:45","modified_gmt":"2022-01-07T21:39:45","slug":"samet-mobilya-yonetim-merkezi-samet-furniture-head-office-istanbul","status":"publish","type":"page","link":"http:\/\/www.erenarch.com\/index.php\/erenler-mimarlik-ofisi-kurulusundan-once-cesitli-ofis-ve-firmalar-altinda-yapilan-isler-chosen-works-done-in-colloboration-within-other-offices-before-erenler-architecture\/samet-mobilya-yonetim-merkezi-samet-furniture-head-office-istanbul\/","title":{"rendered":"SAMET MOB\u0130LYA Y\u00d6NET\u0130M MERKEZ\u0130\/ SAMET FURNITURE HEAD OFFICE (\u0130STANBUL)"},"content":{"rendered":"\n<p><strong>\u0130\u015e\u0130N KAPSAMI \/ WORK<\/strong><\/p>\n\n\n\n<p><\/p>\n\n\n\n<figure class=\"wp-block-table\"><table><tbody><tr><td>Asa\u015f Rescara E50 Series Structural Silicone Curtain Wall System<\/td><\/tr><tr><td>Asa\u015f Rescara R50 Series Curtain Wall System with Cover Caps<\/td><\/tr><tr><td>Asas Rescara RS70 Series Door and Windows Systems<\/td><\/tr><tr><td>Aluminium Composite Panel Cladding<\/td><\/tr><tr><td>Custom Design Sunshading Systems<\/td><\/tr><\/tbody><\/table><\/figure>\n\n\n\n<figure class=\"wp-block-image size-large\"><img loading=\"lazy\" width=\"525\" height=\"314\" src=\"https:\/\/i0.wp.com\/www.erenarch.com\/wp-content\/uploads\/2022\/01\/IMAG0647.jpg?resize=525%2C314\" alt=\"\" class=\"wp-image-2304\" srcset=\"https:\/\/i0.wp.com\/www.erenarch.com\/wp-content\/uploads\/2022\/01\/IMAG0647-scaled.jpg?resize=1024%2C613 1024w, https:\/\/i0.wp.com\/www.erenarch.com\/wp-content\/uploads\/2022\/01\/IMAG0647-scaled.jpg?resize=300%2C180 300w, https:\/\/i0.wp.com\/www.erenarch.com\/wp-content\/uploads\/2022\/01\/IMAG0647-scaled.jpg?resize=768%2C460 768w, https:\/\/i0.wp.com\/www.erenarch.com\/wp-content\/uploads\/2022\/01\/IMAG0647-scaled.jpg?resize=1536%2C920 1536w, https:\/\/i0.wp.com\/www.erenarch.com\/wp-content\/uploads\/2022\/01\/IMAG0647-scaled.jpg?resize=2048%2C1226 2048w, https:\/\/i0.wp.com\/www.erenarch.com\/wp-content\/uploads\/2022\/01\/IMAG0647-scaled.jpg?resize=2000%2C1200 2000w\" sizes=\"(max-width: 767px) 89vw, (max-width: 1000px) 54vw, (max-width: 1071px) 543px, 580px\" data-recalc-dims=\"1\" \/><\/figure>\n\n\n\n<figure class=\"wp-block-image size-large\"><img loading=\"lazy\" width=\"525\" height=\"314\" src=\"https:\/\/i0.wp.com\/www.erenarch.com\/wp-content\/uploads\/2022\/01\/IMAG0435.jpg?resize=525%2C314\" alt=\"\" class=\"wp-image-2305\" srcset=\"https:\/\/i0.wp.com\/www.erenarch.com\/wp-content\/uploads\/2022\/01\/IMAG0435-scaled.jpg?resize=1024%2C613 1024w, https:\/\/i0.wp.com\/www.erenarch.com\/wp-content\/uploads\/2022\/01\/IMAG0435-scaled.jpg?resize=300%2C180 300w, https:\/\/i0.wp.com\/www.erenarch.com\/wp-content\/uploads\/2022\/01\/IMAG0435-scaled.jpg?resize=768%2C460 768w, https:\/\/i0.wp.com\/www.erenarch.com\/wp-content\/uploads\/2022\/01\/IMAG0435-scaled.jpg?resize=1536%2C920 1536w, https:\/\/i0.wp.com\/www.erenarch.com\/wp-content\/uploads\/2022\/01\/IMAG0435-scaled.jpg?resize=2048%2C1226 2048w, https:\/\/i0.wp.com\/www.erenarch.com\/wp-content\/uploads\/2022\/01\/IMAG0435-scaled.jpg?resize=2000%2C1200 2000w\" sizes=\"(max-width: 767px) 89vw, (max-width: 1000px) 54vw, (max-width: 1071px) 543px, 580px\" data-recalc-dims=\"1\" \/><\/figure>\n\n\n\n<figure class=\"wp-block-image size-large\"><img loading=\"lazy\" width=\"525\" height=\"314\" src=\"https:\/\/i0.wp.com\/www.erenarch.com\/wp-content\/uploads\/2022\/01\/IMAG0393.jpg?resize=525%2C314\" alt=\"\" class=\"wp-image-2306\" srcset=\"https:\/\/i0.wp.com\/www.erenarch.com\/wp-content\/uploads\/2022\/01\/IMAG0393-scaled.jpg?resize=1024%2C613 1024w, https:\/\/i0.wp.com\/www.erenarch.com\/wp-content\/uploads\/2022\/01\/IMAG0393-scaled.jpg?resize=300%2C180 300w, https:\/\/i0.wp.com\/www.erenarch.com\/wp-content\/uploads\/2022\/01\/IMAG0393-scaled.jpg?resize=768%2C460 768w, https:\/\/i0.wp.com\/www.erenarch.com\/wp-content\/uploads\/2022\/01\/IMAG0393-scaled.jpg?resize=1536%2C920 1536w, https:\/\/i0.wp.com\/www.erenarch.com\/wp-content\/uploads\/2022\/01\/IMAG0393-scaled.jpg?resize=2048%2C1226 2048w, https:\/\/i0.wp.com\/www.erenarch.com\/wp-content\/uploads\/2022\/01\/IMAG0393-scaled.jpg?resize=2000%2C1200 2000w\" sizes=\"(max-width: 767px) 89vw, (max-width: 1000px) 54vw, (max-width: 1071px) 543px, 580px\" data-recalc-dims=\"1\" \/><\/figure>\n","protected":false},"excerpt":{"rendered":"<p>\u0130\u015e\u0130N KAPSAMI \/ WORK Asa\u015f Rescara E50 Series Structural Silicone Curtain Wall System Asa\u015f Rescara R50 Series Curtain Wall System with Cover Caps Asas Rescara RS70 Series Door and Windows Systems Aluminium Composite Panel Cladding Custom Design Sunshading Systems<\/p>\n","protected":false},"author":1,"featured_media":0,"parent":2367,"menu_order":0,"comment_status":"closed","ping_status":"closed","template":"","meta":[],"jetpack_sharing_enabled":true,"jetpack-related-posts":[],"_links":{"self":[{"href":"http:\/\/www.erenarch.com\/index.php\/wp-json\/wp\/v2\/pages\/2303"}],"collection":[{"href":"http:\/\/www.erenarch.com\/index.php\/wp-json\/wp\/v2\/pages"}],"about":[{"href":"http:\/\/www.erenarch.com\/index.php\/wp-json\/wp\/v2\/types\/page"}],"author":[{"embeddable":true,"href":"http:\/\/www.erenarch.com\/index.php\/wp-json\/wp\/v2\/users\/1"}],"replies":[{"embeddable":true,"href":"http:\/\/www.erenarch.com\/index.php\/wp-json\/wp\/v2\/comments?post=2303"}],"version-history":[{"count":3,"href":"http:\/\/www.erenarch.com\/index.php\/wp-json\/wp\/v2\/pages\/2303\/revisions"}],"predecessor-version":[{"id":2314,"href":"http:\/\/www.erenarch.com\/index.php\/wp-json\/wp\/v2\/pages\/2303\/revisions\/2314"}],"up":[{"embeddable":true,"href":"http:\/\/www.erenarch.com\/index.php\/wp-json\/wp\/v2\/pages\/2367"}],"wp:attachment":[{"href":"http:\/\/www.erenarch.com\/index.php\/wp-json\/wp\/v2\/media?parent=2303"}],"curies":[{"name":"wp","href":"https:\/\/api.w.org\/{rel}","templated":true}]}}