{"id":2227,"date":"2022-01-02T17:37:17","date_gmt":"2022-01-02T14:37:17","guid":{"rendered":"http:\/\/www.erenarch.com\/?page_id=2227"},"modified":"2024-05-23T14:34:48","modified_gmt":"2024-05-23T11:34:48","slug":"ak","status":"publish","type":"page","link":"http:\/\/www.erenarch.com\/index.php\/projeler-projects\/ak\/","title":{"rendered":"AYKUT K\u00d6KSAL EV+ OF\u0130S CEPHE UYGULAMASI\/ AYKUT K\u00d6KSAL HOME OFFICE FACADE CONSTRUCTION(N\u0130\u015eANTA\u015eI, \u0130STANBUL)"},"content":{"rendered":"\n<p><strong>\u0130\u015e\u0130N KAPSAMI \/ WORK<\/strong><\/p>\n\n\n\n<p><\/p>\n\n\n\n<figure class=\"wp-block-table\"><table><tbody><tr><td>Feni\u015f Thermi\u00baC Case 55 Series Door and Windows Systems<\/td><\/tr><tr><td>Feni\u015f Thermi\u00baC Slide 120 Series Lift n Slide Door Systems<\/td><\/tr><tr><td>Custom Design Stainless Steel Balustrade Systems<\/td><\/tr><tr><td>Custom Design Tilt &amp; Slide Sunshading Systems<\/td><\/tr><\/tbody><\/table><\/figure>\n\n\n\n<figure class=\"wp-block-image size-large\"><img loading=\"lazy\" width=\"525\" height=\"700\" src=\"https:\/\/i0.wp.com\/www.erenarch.com\/wp-content\/uploads\/2022\/01\/20160409_1748531.jpg?resize=525%2C700\" alt=\"\" class=\"wp-image-2228\" srcset=\"https:\/\/i0.wp.com\/www.erenarch.com\/wp-content\/uploads\/2022\/01\/20160409_1748531-scaled.jpg?resize=768%2C1024 768w, https:\/\/i0.wp.com\/www.erenarch.com\/wp-content\/uploads\/2022\/01\/20160409_1748531-scaled.jpg?resize=225%2C300 225w, https:\/\/i0.wp.com\/www.erenarch.com\/wp-content\/uploads\/2022\/01\/20160409_1748531-scaled.jpg?resize=1152%2C1536 1152w, https:\/\/i0.wp.com\/www.erenarch.com\/wp-content\/uploads\/2022\/01\/20160409_1748531-scaled.jpg?resize=1536%2C2048 1536w, https:\/\/i0.wp.com\/www.erenarch.com\/wp-content\/uploads\/2022\/01\/20160409_1748531-scaled.jpg?w=1920 1920w, https:\/\/i0.wp.com\/www.erenarch.com\/wp-content\/uploads\/2022\/01\/20160409_1748531-scaled.jpg?w=1050 1050w\" sizes=\"(max-width: 767px) 89vw, (max-width: 1000px) 54vw, (max-width: 1071px) 543px, 580px\" data-recalc-dims=\"1\" \/><\/figure>\n\n\n\n<figure class=\"wp-block-image size-large\"><img loading=\"lazy\" width=\"525\" height=\"700\" src=\"https:\/\/i0.wp.com\/www.erenarch.com\/wp-content\/uploads\/2022\/01\/20160409_174933-1.jpg?resize=525%2C700\" alt=\"\" class=\"wp-image-2229\" srcset=\"https:\/\/i0.wp.com\/www.erenarch.com\/wp-content\/uploads\/2022\/01\/20160409_174933-1-scaled.jpg?resize=768%2C1024 768w, https:\/\/i0.wp.com\/www.erenarch.com\/wp-content\/uploads\/2022\/01\/20160409_174933-1-scaled.jpg?resize=225%2C300 225w, https:\/\/i0.wp.com\/www.erenarch.com\/wp-content\/uploads\/2022\/01\/20160409_174933-1-scaled.jpg?resize=1152%2C1536 1152w, https:\/\/i0.wp.com\/www.erenarch.com\/wp-content\/uploads\/2022\/01\/20160409_174933-1-scaled.jpg?resize=1536%2C2048 1536w, https:\/\/i0.wp.com\/www.erenarch.com\/wp-content\/uploads\/2022\/01\/20160409_174933-1-scaled.jpg?w=1920 1920w, https:\/\/i0.wp.com\/www.erenarch.com\/wp-content\/uploads\/2022\/01\/20160409_174933-1-scaled.jpg?w=1050 1050w\" sizes=\"(max-width: 767px) 89vw, (max-width: 1000px) 54vw, (max-width: 1071px) 543px, 580px\" data-recalc-dims=\"1\" \/><\/figure>\n\n\n\n<figure class=\"wp-block-image size-large\"><img loading=\"lazy\" width=\"525\" height=\"394\" src=\"https:\/\/i0.wp.com\/www.erenarch.com\/wp-content\/uploads\/2022\/01\/DSCN3741.jpg?resize=525%2C394\" alt=\"\" class=\"wp-image-2230\" srcset=\"https:\/\/i0.wp.com\/www.erenarch.com\/wp-content\/uploads\/2022\/01\/DSCN3741-scaled.jpg?resize=1024%2C768 1024w, https:\/\/i0.wp.com\/www.erenarch.com\/wp-content\/uploads\/2022\/01\/DSCN3741-scaled.jpg?resize=300%2C225 300w, https:\/\/i0.wp.com\/www.erenarch.com\/wp-content\/uploads\/2022\/01\/DSCN3741-scaled.jpg?resize=768%2C576 768w, https:\/\/i0.wp.com\/www.erenarch.com\/wp-content\/uploads\/2022\/01\/DSCN3741-scaled.jpg?resize=1536%2C1152 1536w, https:\/\/i0.wp.com\/www.erenarch.com\/wp-content\/uploads\/2022\/01\/DSCN3741-scaled.jpg?resize=2048%2C1536 2048w\" sizes=\"(max-width: 767px) 89vw, (max-width: 1000px) 54vw, (max-width: 1071px) 543px, 580px\" data-recalc-dims=\"1\" \/><\/figure>\n\n\n\n<figure class=\"wp-block-image size-large\"><img loading=\"lazy\" width=\"525\" height=\"700\" src=\"https:\/\/i0.wp.com\/www.erenarch.com\/wp-content\/uploads\/2022\/01\/DSCN3749-1.jpg?resize=525%2C700\" alt=\"\" class=\"wp-image-2231\" srcset=\"https:\/\/i0.wp.com\/www.erenarch.com\/wp-content\/uploads\/2022\/01\/DSCN3749-1-scaled.jpg?resize=768%2C1024 768w, https:\/\/i0.wp.com\/www.erenarch.com\/wp-content\/uploads\/2022\/01\/DSCN3749-1-scaled.jpg?resize=225%2C300 225w, https:\/\/i0.wp.com\/www.erenarch.com\/wp-content\/uploads\/2022\/01\/DSCN3749-1-scaled.jpg?resize=1152%2C1536 1152w, https:\/\/i0.wp.com\/www.erenarch.com\/wp-content\/uploads\/2022\/01\/DSCN3749-1-scaled.jpg?resize=1536%2C2048 1536w, https:\/\/i0.wp.com\/www.erenarch.com\/wp-content\/uploads\/2022\/01\/DSCN3749-1-scaled.jpg?w=1920 1920w, https:\/\/i0.wp.com\/www.erenarch.com\/wp-content\/uploads\/2022\/01\/DSCN3749-1-scaled.jpg?w=1050 1050w\" sizes=\"(max-width: 767px) 89vw, (max-width: 1000px) 54vw, (max-width: 1071px) 543px, 580px\" data-recalc-dims=\"1\" \/><\/figure>\n\n\n\n<figure class=\"wp-block-image size-large\"><img loading=\"lazy\" width=\"525\" height=\"314\" src=\"https:\/\/i0.wp.com\/www.erenarch.com\/wp-content\/uploads\/2022\/01\/IMAG0249.jpg?resize=525%2C314\" alt=\"\" class=\"wp-image-2232\" srcset=\"https:\/\/i0.wp.com\/www.erenarch.com\/wp-content\/uploads\/2022\/01\/IMAG0249-scaled.jpg?resize=1024%2C613 1024w, https:\/\/i0.wp.com\/www.erenarch.com\/wp-content\/uploads\/2022\/01\/IMAG0249-scaled.jpg?resize=300%2C180 300w, https:\/\/i0.wp.com\/www.erenarch.com\/wp-content\/uploads\/2022\/01\/IMAG0249-scaled.jpg?resize=768%2C460 768w, https:\/\/i0.wp.com\/www.erenarch.com\/wp-content\/uploads\/2022\/01\/IMAG0249-scaled.jpg?resize=1536%2C920 1536w, https:\/\/i0.wp.com\/www.erenarch.com\/wp-content\/uploads\/2022\/01\/IMAG0249-scaled.jpg?resize=2048%2C1226 2048w, https:\/\/i0.wp.com\/www.erenarch.com\/wp-content\/uploads\/2022\/01\/IMAG0249-scaled.jpg?resize=2000%2C1200 2000w\" sizes=\"(max-width: 767px) 89vw, (max-width: 1000px) 54vw, (max-width: 1071px) 543px, 580px\" data-recalc-dims=\"1\" \/><\/figure>\n","protected":false},"excerpt":{"rendered":"<p>\u0130\u015e\u0130N KAPSAMI \/ WORK Feni\u015f Thermi\u00baC Case 55 Series Door and Windows Systems Feni\u015f Thermi\u00baC Slide 120 Series Lift n Slide Door Systems Custom Design Stainless Steel Balustrade Systems Custom Design Tilt &amp; Slide Sunshading Systems<\/p>\n","protected":false},"author":1,"featured_media":0,"parent":1948,"menu_order":0,"comment_status":"closed","ping_status":"closed","template":"","meta":[],"jetpack_sharing_enabled":true,"jetpack-related-posts":[],"_links":{"self":[{"href":"http:\/\/www.erenarch.com\/index.php\/wp-json\/wp\/v2\/pages\/2227"}],"collection":[{"href":"http:\/\/www.erenarch.com\/index.php\/wp-json\/wp\/v2\/pages"}],"about":[{"href":"http:\/\/www.erenarch.com\/index.php\/wp-json\/wp\/v2\/types\/page"}],"author":[{"embeddable":true,"href":"http:\/\/www.erenarch.com\/index.php\/wp-json\/wp\/v2\/users\/1"}],"replies":[{"embeddable":true,"href":"http:\/\/www.erenarch.com\/index.php\/wp-json\/wp\/v2\/comments?post=2227"}],"version-history":[{"count":5,"href":"http:\/\/www.erenarch.com\/index.php\/wp-json\/wp\/v2\/pages\/2227\/revisions"}],"predecessor-version":[{"id":2521,"href":"http:\/\/www.erenarch.com\/index.php\/wp-json\/wp\/v2\/pages\/2227\/revisions\/2521"}],"up":[{"embeddable":true,"href":"http:\/\/www.erenarch.com\/index.php\/wp-json\/wp\/v2\/pages\/1948"}],"wp:attachment":[{"href":"http:\/\/www.erenarch.com\/index.php\/wp-json\/wp\/v2\/media?parent=2227"}],"curies":[{"name":"wp","href":"https:\/\/api.w.org\/{rel}","templated":true}]}}