{"id":2149,"date":"2021-12-30T20:25:07","date_gmt":"2021-12-30T17:25:07","guid":{"rendered":"http:\/\/www.erenarch.com\/?page_id=2149"},"modified":"2022-01-08T00:42:18","modified_gmt":"2022-01-07T21:42:18","slug":"akasya-avm-akasya-residential-complex-acibadem-istanbul","status":"publish","type":"page","link":"http:\/\/www.erenarch.com\/index.php\/erenler-mimarlik-ofisi-kurulusundan-once-cesitli-ofis-ve-firmalar-altinda-yapilan-isler-chosen-works-done-in-colloboration-within-other-offices-before-erenler-architecture\/akasya-avm-akasya-residential-complex-acibadem-istanbul\/","title":{"rendered":"AKASYA AVM\/ AKASYA RESIDENTIAL COMPLEX (ACIBADEM\/ \u0130STANBUL)"},"content":{"rendered":"\n<p><strong>\u0130\u015e\u0130N KAPSAMI \/ WORK<\/strong><\/p>\n\n\n\n<p><\/p>\n\n\n\n<figure class=\"wp-block-table\"><table><tbody><tr><td>Flashing works of Free-Form Skylights<\/td><\/tr><\/tbody><\/table><\/figure>\n\n\n\n<figure class=\"wp-block-image size-large\"><img loading=\"lazy\" width=\"525\" height=\"371\" src=\"https:\/\/i0.wp.com\/www.erenarch.com\/wp-content\/uploads\/2021\/12\/AKASYA2-1.jpg?resize=525%2C371\" alt=\"\" class=\"wp-image-2154\" srcset=\"https:\/\/i0.wp.com\/www.erenarch.com\/wp-content\/uploads\/2021\/12\/AKASYA2-1-scaled.jpg?resize=1024%2C724 1024w, https:\/\/i0.wp.com\/www.erenarch.com\/wp-content\/uploads\/2021\/12\/AKASYA2-1-scaled.jpg?resize=300%2C212 300w, https:\/\/i0.wp.com\/www.erenarch.com\/wp-content\/uploads\/2021\/12\/AKASYA2-1-scaled.jpg?resize=768%2C543 768w, https:\/\/i0.wp.com\/www.erenarch.com\/wp-content\/uploads\/2021\/12\/AKASYA2-1-scaled.jpg?resize=1536%2C1086 1536w, https:\/\/i0.wp.com\/www.erenarch.com\/wp-content\/uploads\/2021\/12\/AKASYA2-1-scaled.jpg?resize=2048%2C1448 2048w\" sizes=\"(max-width: 767px) 89vw, (max-width: 1000px) 54vw, (max-width: 1071px) 543px, 580px\" data-recalc-dims=\"1\" \/><\/figure>\n","protected":false},"excerpt":{"rendered":"<p>\u0130\u015e\u0130N KAPSAMI \/ WORK Flashing works of Free-Form Skylights<\/p>\n","protected":false},"author":1,"featured_media":0,"parent":2367,"menu_order":0,"comment_status":"closed","ping_status":"closed","template":"","meta":[],"jetpack_sharing_enabled":true,"jetpack-related-posts":[],"_links":{"self":[{"href":"http:\/\/www.erenarch.com\/index.php\/wp-json\/wp\/v2\/pages\/2149"}],"collection":[{"href":"http:\/\/www.erenarch.com\/index.php\/wp-json\/wp\/v2\/pages"}],"about":[{"href":"http:\/\/www.erenarch.com\/index.php\/wp-json\/wp\/v2\/types\/page"}],"author":[{"embeddable":true,"href":"http:\/\/www.erenarch.com\/index.php\/wp-json\/wp\/v2\/users\/1"}],"replies":[{"embeddable":true,"href":"http:\/\/www.erenarch.com\/index.php\/wp-json\/wp\/v2\/comments?post=2149"}],"version-history":[{"count":5,"href":"http:\/\/www.erenarch.com\/index.php\/wp-json\/wp\/v2\/pages\/2149\/revisions"}],"predecessor-version":[{"id":2289,"href":"http:\/\/www.erenarch.com\/index.php\/wp-json\/wp\/v2\/pages\/2149\/revisions\/2289"}],"up":[{"embeddable":true,"href":"http:\/\/www.erenarch.com\/index.php\/wp-json\/wp\/v2\/pages\/2367"}],"wp:attachment":[{"href":"http:\/\/www.erenarch.com\/index.php\/wp-json\/wp\/v2\/media?parent=2149"}],"curies":[{"name":"wp","href":"https:\/\/api.w.org\/{rel}","templated":true}]}}