{"id":2137,"date":"2021-12-30T20:11:22","date_gmt":"2021-12-30T17:11:22","guid":{"rendered":"http:\/\/www.erenarch.com\/?page_id=2137"},"modified":"2022-01-07T15:34:55","modified_gmt":"2022-01-07T12:34:55","slug":"fuga-mobilya-yonetim-merkezi-fuga-furniture-company-head-office-gebze-istanbul","status":"publish","type":"page","link":"http:\/\/www.erenarch.com\/index.php\/projeler-projects\/fuga-mobilya-yonetim-merkezi-fuga-furniture-company-head-office-gebze-istanbul\/","title":{"rendered":"FUGA MOB\u0130LYA Y\u00d6NET\u0130M MERKEZ\u0130\/ FUGA FURNITURE COMPANY HEAD OFFICE (GEBZE, \u0130STANBUL)"},"content":{"rendered":"\n<p><\/p>\n\n\n\n<p><strong>\u0130\u015e\u0130N KAPSAMI\/ WORK<\/strong><\/p>\n\n\n\n<figure class=\"wp-block-table\"><table><tbody><tr><td>Asa\u015f Rescara E50 Series Structural Silicone Curtain Wall System<\/td><\/tr><tr><td>Asa\u015f Rescara R50 Series Semi-Structural Curtain Wall System<\/td><\/tr><tr><td>Kale Sinterflex Ceramic Facade Cladding<\/td><\/tr><tr><td>Asa\u015f Rescara Rw T55 Series Door and Windows Systems<\/td><\/tr><tr><td>Aluminium Composite Panel Cladding<\/td><\/tr><tr><td>Natural Wood-Aluminium Composite Panel Cladding<\/td><\/tr><\/tbody><\/table><\/figure>\n\n\n\n<p><\/p>\n\n\n\n<figure class=\"wp-block-image size-large\"><img loading=\"lazy\" width=\"525\" height=\"314\" src=\"https:\/\/i0.wp.com\/www.erenarch.com\/wp-content\/uploads\/2021\/12\/IMAG0293.jpg?resize=525%2C314\" alt=\"\" class=\"wp-image-2141\" srcset=\"https:\/\/i0.wp.com\/www.erenarch.com\/wp-content\/uploads\/2021\/12\/IMAG0293-scaled.jpg?resize=1024%2C613 1024w, https:\/\/i0.wp.com\/www.erenarch.com\/wp-content\/uploads\/2021\/12\/IMAG0293-scaled.jpg?resize=300%2C180 300w, https:\/\/i0.wp.com\/www.erenarch.com\/wp-content\/uploads\/2021\/12\/IMAG0293-scaled.jpg?resize=768%2C460 768w, https:\/\/i0.wp.com\/www.erenarch.com\/wp-content\/uploads\/2021\/12\/IMAG0293-scaled.jpg?resize=1536%2C920 1536w, https:\/\/i0.wp.com\/www.erenarch.com\/wp-content\/uploads\/2021\/12\/IMAG0293-scaled.jpg?resize=2048%2C1226 2048w, https:\/\/i0.wp.com\/www.erenarch.com\/wp-content\/uploads\/2021\/12\/IMAG0293-scaled.jpg?resize=2000%2C1200 2000w\" sizes=\"(max-width: 767px) 89vw, (max-width: 1000px) 54vw, (max-width: 1071px) 543px, 580px\" data-recalc-dims=\"1\" \/><\/figure>\n\n\n\n<figure class=\"wp-block-image size-large\"><img loading=\"lazy\" width=\"525\" height=\"314\" src=\"https:\/\/i0.wp.com\/www.erenarch.com\/wp-content\/uploads\/2021\/12\/IMAG0292.jpg?resize=525%2C314\" alt=\"\" class=\"wp-image-2139\" srcset=\"https:\/\/i0.wp.com\/www.erenarch.com\/wp-content\/uploads\/2021\/12\/IMAG0292-scaled.jpg?resize=1024%2C613 1024w, https:\/\/i0.wp.com\/www.erenarch.com\/wp-content\/uploads\/2021\/12\/IMAG0292-scaled.jpg?resize=300%2C180 300w, https:\/\/i0.wp.com\/www.erenarch.com\/wp-content\/uploads\/2021\/12\/IMAG0292-scaled.jpg?resize=768%2C460 768w, https:\/\/i0.wp.com\/www.erenarch.com\/wp-content\/uploads\/2021\/12\/IMAG0292-scaled.jpg?resize=1536%2C920 1536w, https:\/\/i0.wp.com\/www.erenarch.com\/wp-content\/uploads\/2021\/12\/IMAG0292-scaled.jpg?resize=2048%2C1226 2048w, https:\/\/i0.wp.com\/www.erenarch.com\/wp-content\/uploads\/2021\/12\/IMAG0292-scaled.jpg?resize=2000%2C1200 2000w\" sizes=\"(max-width: 767px) 89vw, (max-width: 1000px) 54vw, (max-width: 1071px) 543px, 580px\" data-recalc-dims=\"1\" \/><\/figure>\n","protected":false},"excerpt":{"rendered":"<p>\u0130\u015e\u0130N KAPSAMI\/ WORK Asa\u015f Rescara E50 Series Structural Silicone Curtain Wall System Asa\u015f Rescara R50 Series Semi-Structural Curtain Wall System Kale Sinterflex Ceramic Facade Cladding Asa\u015f Rescara Rw T55 Series Door and Windows Systems Aluminium Composite Panel Cladding Natural Wood-Aluminium Composite Panel Cladding<\/p>\n","protected":false},"author":1,"featured_media":0,"parent":1948,"menu_order":0,"comment_status":"closed","ping_status":"closed","template":"","meta":[],"jetpack_sharing_enabled":true,"jetpack-related-posts":[],"_links":{"self":[{"href":"http:\/\/www.erenarch.com\/index.php\/wp-json\/wp\/v2\/pages\/2137"}],"collection":[{"href":"http:\/\/www.erenarch.com\/index.php\/wp-json\/wp\/v2\/pages"}],"about":[{"href":"http:\/\/www.erenarch.com\/index.php\/wp-json\/wp\/v2\/types\/page"}],"author":[{"embeddable":true,"href":"http:\/\/www.erenarch.com\/index.php\/wp-json\/wp\/v2\/users\/1"}],"replies":[{"embeddable":true,"href":"http:\/\/www.erenarch.com\/index.php\/wp-json\/wp\/v2\/comments?post=2137"}],"version-history":[{"count":3,"href":"http:\/\/www.erenarch.com\/index.php\/wp-json\/wp\/v2\/pages\/2137\/revisions"}],"predecessor-version":[{"id":2287,"href":"http:\/\/www.erenarch.com\/index.php\/wp-json\/wp\/v2\/pages\/2137\/revisions\/2287"}],"up":[{"embeddable":true,"href":"http:\/\/www.erenarch.com\/index.php\/wp-json\/wp\/v2\/pages\/1948"}],"wp:attachment":[{"href":"http:\/\/www.erenarch.com\/index.php\/wp-json\/wp\/v2\/media?parent=2137"}],"curies":[{"name":"wp","href":"https:\/\/api.w.org\/{rel}","templated":true}]}}