{"id":2067,"date":"2021-12-22T16:57:50","date_gmt":"2021-12-22T13:57:50","guid":{"rendered":"http:\/\/www.erenarch.com\/?page_id=2067"},"modified":"2022-01-08T13:11:32","modified_gmt":"2022-01-08T10:11:32","slug":"melek-erdogan-macide-ozbek-evi-melek-erdogan-macide-ozbek-restoration-projectbaglarbasi-uskudar-istanbul","status":"publish","type":"page","link":"http:\/\/www.erenarch.com\/index.php\/rolove-restorasyon-conservation\/melek-erdogan-macide-ozbek-evi-melek-erdogan-macide-ozbek-restoration-projectbaglarbasi-uskudar-istanbul\/","title":{"rendered":"MELEK ERDO\u011eAN- MAC\u0130DE \u00d6ZBEK EV\u0130 RESTORASYON PROJES\u0130\/ MELEK ERDO\u011eAN- MAC\u0130DE \u00d6ZBEK HOUSE RESTORATION PROJECT (Ba\u011flarba\u015f\u0131 &#8211; \u00dcsk\u00fcdar \/\u0130STANBUL), 2014-2018"},"content":{"rendered":"\n<p><\/p>\n\n\n\n<p><strong>\u0130\u015e\u0130N KAPSAMI \/WORK<\/strong><\/p>\n\n\n\n<p>R\u00d6L\u00d6VE, REST\u0130T\u00dcSYON VE RESTORASYON PROJELER\u0130<\/p>\n\n\n\n<p>RESTORASYON UYGULAMASI (TC.K\u00dcLT\u00dcR BAKANLI\u011eI DESTEKL\u0130)<\/p>\n\n\n\n<figure class=\"wp-block-image size-large\"><img loading=\"lazy\" width=\"525\" height=\"394\" src=\"https:\/\/i0.wp.com\/www.erenarch.com\/wp-content\/uploads\/2021\/12\/IMG_2237.jpg?resize=525%2C394\" alt=\"\" class=\"wp-image-2069\" srcset=\"https:\/\/i0.wp.com\/www.erenarch.com\/wp-content\/uploads\/2021\/12\/IMG_2237-scaled.jpg?resize=1024%2C768 1024w, https:\/\/i0.wp.com\/www.erenarch.com\/wp-content\/uploads\/2021\/12\/IMG_2237-scaled.jpg?resize=300%2C225 300w, https:\/\/i0.wp.com\/www.erenarch.com\/wp-content\/uploads\/2021\/12\/IMG_2237-scaled.jpg?resize=768%2C576 768w, https:\/\/i0.wp.com\/www.erenarch.com\/wp-content\/uploads\/2021\/12\/IMG_2237-scaled.jpg?resize=1536%2C1152 1536w, https:\/\/i0.wp.com\/www.erenarch.com\/wp-content\/uploads\/2021\/12\/IMG_2237-scaled.jpg?resize=2048%2C1536 2048w\" sizes=\"(max-width: 767px) 89vw, (max-width: 1000px) 54vw, (max-width: 1071px) 543px, 580px\" data-recalc-dims=\"1\" \/><\/figure>\n\n\n\n<figure class=\"wp-block-image size-full\"><img loading=\"lazy\" width=\"525\" height=\"350\" src=\"https:\/\/i0.wp.com\/www.erenarch.com\/wp-content\/uploads\/2021\/12\/14bfdcba7fcf4ba8eaa9e7884457e2e4_gallery.jpg?resize=525%2C350\" alt=\"\" class=\"wp-image-2068\" srcset=\"https:\/\/i0.wp.com\/www.erenarch.com\/wp-content\/uploads\/2021\/12\/14bfdcba7fcf4ba8eaa9e7884457e2e4_gallery.jpg?w=869 869w, https:\/\/i0.wp.com\/www.erenarch.com\/wp-content\/uploads\/2021\/12\/14bfdcba7fcf4ba8eaa9e7884457e2e4_gallery.jpg?resize=300%2C200 300w, https:\/\/i0.wp.com\/www.erenarch.com\/wp-content\/uploads\/2021\/12\/14bfdcba7fcf4ba8eaa9e7884457e2e4_gallery.jpg?resize=768%2C513 768w\" sizes=\"(max-width: 767px) 89vw, (max-width: 1000px) 54vw, (max-width: 1071px) 543px, 580px\" data-recalc-dims=\"1\" \/><\/figure>\n\n\n\n<figure class=\"wp-block-image size-full\"><img loading=\"lazy\" width=\"525\" height=\"350\" src=\"https:\/\/i0.wp.com\/www.erenarch.com\/wp-content\/uploads\/2021\/12\/790137acb49a898bb9231ddc38f2c6e3_gallery.jpg?resize=525%2C350\" alt=\"\" class=\"wp-image-2093\" srcset=\"https:\/\/i0.wp.com\/www.erenarch.com\/wp-content\/uploads\/2021\/12\/790137acb49a898bb9231ddc38f2c6e3_gallery.jpg?w=869 869w, https:\/\/i0.wp.com\/www.erenarch.com\/wp-content\/uploads\/2021\/12\/790137acb49a898bb9231ddc38f2c6e3_gallery.jpg?resize=300%2C200 300w, https:\/\/i0.wp.com\/www.erenarch.com\/wp-content\/uploads\/2021\/12\/790137acb49a898bb9231ddc38f2c6e3_gallery.jpg?resize=768%2C513 768w\" sizes=\"(max-width: 767px) 89vw, (max-width: 1000px) 54vw, (max-width: 1071px) 543px, 580px\" data-recalc-dims=\"1\" \/><\/figure>\n\n\n\n<figure class=\"wp-block-image size-full\"><img loading=\"lazy\" width=\"525\" height=\"350\" src=\"https:\/\/i0.wp.com\/www.erenarch.com\/wp-content\/uploads\/2021\/12\/b8bc5dc2e389428ea7494a7c0686e139_gallery.jpg?resize=525%2C350\" alt=\"\" class=\"wp-image-2094\" srcset=\"https:\/\/i0.wp.com\/www.erenarch.com\/wp-content\/uploads\/2021\/12\/b8bc5dc2e389428ea7494a7c0686e139_gallery.jpg?w=869 869w, https:\/\/i0.wp.com\/www.erenarch.com\/wp-content\/uploads\/2021\/12\/b8bc5dc2e389428ea7494a7c0686e139_gallery.jpg?resize=300%2C200 300w, https:\/\/i0.wp.com\/www.erenarch.com\/wp-content\/uploads\/2021\/12\/b8bc5dc2e389428ea7494a7c0686e139_gallery.jpg?resize=768%2C513 768w\" sizes=\"(max-width: 767px) 89vw, (max-width: 1000px) 54vw, (max-width: 1071px) 543px, 580px\" data-recalc-dims=\"1\" \/><\/figure>\n\n\n\n<figure class=\"wp-block-image size-full\"><img loading=\"lazy\" width=\"525\" height=\"350\" src=\"https:\/\/i0.wp.com\/www.erenarch.com\/wp-content\/uploads\/2021\/12\/e240947e3e8eae5830a1c71dcb5e8f61_gallery.jpg?resize=525%2C350\" alt=\"\" class=\"wp-image-2095\" srcset=\"https:\/\/i0.wp.com\/www.erenarch.com\/wp-content\/uploads\/2021\/12\/e240947e3e8eae5830a1c71dcb5e8f61_gallery.jpg?w=869 869w, https:\/\/i0.wp.com\/www.erenarch.com\/wp-content\/uploads\/2021\/12\/e240947e3e8eae5830a1c71dcb5e8f61_gallery.jpg?resize=300%2C200 300w, https:\/\/i0.wp.com\/www.erenarch.com\/wp-content\/uploads\/2021\/12\/e240947e3e8eae5830a1c71dcb5e8f61_gallery.jpg?resize=768%2C513 768w\" sizes=\"(max-width: 767px) 89vw, (max-width: 1000px) 54vw, (max-width: 1071px) 543px, 580px\" data-recalc-dims=\"1\" \/><\/figure>\n\n\n\n<figure class=\"wp-block-image size-large\"><img loading=\"lazy\" width=\"525\" height=\"394\" src=\"https:\/\/i0.wp.com\/www.erenarch.com\/wp-content\/uploads\/2021\/12\/20141226_155602.jpg?resize=525%2C394\" alt=\"\" class=\"wp-image-2097\" srcset=\"https:\/\/i0.wp.com\/www.erenarch.com\/wp-content\/uploads\/2021\/12\/20141226_155602-scaled.jpg?resize=1024%2C768 1024w, https:\/\/i0.wp.com\/www.erenarch.com\/wp-content\/uploads\/2021\/12\/20141226_155602-scaled.jpg?resize=300%2C225 300w, https:\/\/i0.wp.com\/www.erenarch.com\/wp-content\/uploads\/2021\/12\/20141226_155602-scaled.jpg?resize=768%2C576 768w, https:\/\/i0.wp.com\/www.erenarch.com\/wp-content\/uploads\/2021\/12\/20141226_155602-scaled.jpg?resize=1536%2C1152 1536w, https:\/\/i0.wp.com\/www.erenarch.com\/wp-content\/uploads\/2021\/12\/20141226_155602-scaled.jpg?resize=2048%2C1536 2048w\" sizes=\"(max-width: 767px) 89vw, (max-width: 1000px) 54vw, (max-width: 1071px) 543px, 580px\" data-recalc-dims=\"1\" \/><\/figure>\n\n\n\n<figure class=\"wp-block-image size-large\"><img loading=\"lazy\" width=\"525\" height=\"703\" src=\"https:\/\/i0.wp.com\/www.erenarch.com\/wp-content\/uploads\/2021\/12\/IMG_5993.jpg?resize=525%2C703\" alt=\"\" class=\"wp-image-2098\" srcset=\"https:\/\/i0.wp.com\/www.erenarch.com\/wp-content\/uploads\/2021\/12\/IMG_5993-scaled.jpg?resize=765%2C1024 765w, https:\/\/i0.wp.com\/www.erenarch.com\/wp-content\/uploads\/2021\/12\/IMG_5993-scaled.jpg?resize=224%2C300 224w, https:\/\/i0.wp.com\/www.erenarch.com\/wp-content\/uploads\/2021\/12\/IMG_5993-scaled.jpg?resize=768%2C1028 768w, https:\/\/i0.wp.com\/www.erenarch.com\/wp-content\/uploads\/2021\/12\/IMG_5993-scaled.jpg?resize=1147%2C1536 1147w, https:\/\/i0.wp.com\/www.erenarch.com\/wp-content\/uploads\/2021\/12\/IMG_5993-scaled.jpg?resize=1530%2C2048 1530w, https:\/\/i0.wp.com\/www.erenarch.com\/wp-content\/uploads\/2021\/12\/IMG_5993-scaled.jpg?w=1912 1912w, https:\/\/i0.wp.com\/www.erenarch.com\/wp-content\/uploads\/2021\/12\/IMG_5993-scaled.jpg?w=1050 1050w\" sizes=\"(max-width: 706px) 89vw, (max-width: 767px) 82vw, 740px\" data-recalc-dims=\"1\" \/><\/figure>\n\n\n\n<figure class=\"wp-block-image size-large\"><img loading=\"lazy\" width=\"525\" height=\"700\" src=\"https:\/\/i0.wp.com\/www.erenarch.com\/wp-content\/uploads\/2021\/12\/20150418_134554.jpg?resize=525%2C700\" alt=\"\" class=\"wp-image-2099\" srcset=\"https:\/\/i0.wp.com\/www.erenarch.com\/wp-content\/uploads\/2021\/12\/20150418_134554-scaled.jpg?resize=768%2C1024 768w, https:\/\/i0.wp.com\/www.erenarch.com\/wp-content\/uploads\/2021\/12\/20150418_134554-scaled.jpg?resize=225%2C300 225w, https:\/\/i0.wp.com\/www.erenarch.com\/wp-content\/uploads\/2021\/12\/20150418_134554-scaled.jpg?resize=1152%2C1536 1152w, https:\/\/i0.wp.com\/www.erenarch.com\/wp-content\/uploads\/2021\/12\/20150418_134554-scaled.jpg?resize=1536%2C2048 1536w, https:\/\/i0.wp.com\/www.erenarch.com\/wp-content\/uploads\/2021\/12\/20150418_134554-scaled.jpg?w=1920 1920w, https:\/\/i0.wp.com\/www.erenarch.com\/wp-content\/uploads\/2021\/12\/20150418_134554-scaled.jpg?w=1050 1050w\" sizes=\"(max-width: 767px) 89vw, (max-width: 1000px) 54vw, (max-width: 1071px) 543px, 580px\" data-recalc-dims=\"1\" \/><\/figure>\n\n\n\n<figure class=\"wp-block-image size-large\"><img loading=\"lazy\" width=\"525\" height=\"703\" src=\"https:\/\/i0.wp.com\/www.erenarch.com\/wp-content\/uploads\/2021\/12\/IMG_1182.jpg?resize=525%2C703\" alt=\"\" class=\"wp-image-2100\" srcset=\"https:\/\/i0.wp.com\/www.erenarch.com\/wp-content\/uploads\/2021\/12\/IMG_1182-scaled.jpg?resize=765%2C1024 765w, https:\/\/i0.wp.com\/www.erenarch.com\/wp-content\/uploads\/2021\/12\/IMG_1182-scaled.jpg?resize=224%2C300 224w, https:\/\/i0.wp.com\/www.erenarch.com\/wp-content\/uploads\/2021\/12\/IMG_1182-scaled.jpg?resize=768%2C1028 768w, https:\/\/i0.wp.com\/www.erenarch.com\/wp-content\/uploads\/2021\/12\/IMG_1182-scaled.jpg?resize=1147%2C1536 1147w, https:\/\/i0.wp.com\/www.erenarch.com\/wp-content\/uploads\/2021\/12\/IMG_1182-scaled.jpg?resize=1530%2C2048 1530w, https:\/\/i0.wp.com\/www.erenarch.com\/wp-content\/uploads\/2021\/12\/IMG_1182-scaled.jpg?w=1912 1912w, https:\/\/i0.wp.com\/www.erenarch.com\/wp-content\/uploads\/2021\/12\/IMG_1182-scaled.jpg?w=1050 1050w\" sizes=\"(max-width: 706px) 89vw, (max-width: 767px) 82vw, 740px\" data-recalc-dims=\"1\" \/><\/figure>\n\n\n\n<figure class=\"wp-block-image size-large\"><img loading=\"lazy\" width=\"525\" height=\"394\" src=\"https:\/\/i0.wp.com\/www.erenarch.com\/wp-content\/uploads\/2021\/12\/ahsapev2004-2.jpg?resize=525%2C394\" alt=\"\" class=\"wp-image-2101\" srcset=\"https:\/\/i0.wp.com\/www.erenarch.com\/wp-content\/uploads\/2021\/12\/ahsapev2004-2.jpg?resize=1024%2C768 1024w, https:\/\/i0.wp.com\/www.erenarch.com\/wp-content\/uploads\/2021\/12\/ahsapev2004-2.jpg?resize=300%2C225 300w, https:\/\/i0.wp.com\/www.erenarch.com\/wp-content\/uploads\/2021\/12\/ahsapev2004-2.jpg?resize=768%2C576 768w, https:\/\/i0.wp.com\/www.erenarch.com\/wp-content\/uploads\/2021\/12\/ahsapev2004-2.jpg?resize=1536%2C1152 1536w, https:\/\/i0.wp.com\/www.erenarch.com\/wp-content\/uploads\/2021\/12\/ahsapev2004-2.jpg?w=1984 1984w\" sizes=\"(max-width: 767px) 89vw, (max-width: 1000px) 54vw, (max-width: 1071px) 543px, 580px\" data-recalc-dims=\"1\" \/><figcaption>EPSON DSC picture<\/figcaption><\/figure>\n","protected":false},"excerpt":{"rendered":"<p>\u0130\u015e\u0130N KAPSAMI \/WORK R\u00d6L\u00d6VE, REST\u0130T\u00dcSYON VE RESTORASYON PROJELER\u0130 RESTORASYON UYGULAMASI (TC.K\u00dcLT\u00dcR BAKANLI\u011eI DESTEKL\u0130)<\/p>\n","protected":false},"author":1,"featured_media":0,"parent":2419,"menu_order":0,"comment_status":"closed","ping_status":"closed","template":"","meta":[],"jetpack_sharing_enabled":true,"jetpack-related-posts":[],"_links":{"self":[{"href":"http:\/\/www.erenarch.com\/index.php\/wp-json\/wp\/v2\/pages\/2067"}],"collection":[{"href":"http:\/\/www.erenarch.com\/index.php\/wp-json\/wp\/v2\/pages"}],"about":[{"href":"http:\/\/www.erenarch.com\/index.php\/wp-json\/wp\/v2\/types\/page"}],"author":[{"embeddable":true,"href":"http:\/\/www.erenarch.com\/index.php\/wp-json\/wp\/v2\/users\/1"}],"replies":[{"embeddable":true,"href":"http:\/\/www.erenarch.com\/index.php\/wp-json\/wp\/v2\/comments?post=2067"}],"version-history":[{"count":6,"href":"http:\/\/www.erenarch.com\/index.php\/wp-json\/wp\/v2\/pages\/2067\/revisions"}],"predecessor-version":[{"id":2418,"href":"http:\/\/www.erenarch.com\/index.php\/wp-json\/wp\/v2\/pages\/2067\/revisions\/2418"}],"up":[{"embeddable":true,"href":"http:\/\/www.erenarch.com\/index.php\/wp-json\/wp\/v2\/pages\/2419"}],"wp:attachment":[{"href":"http:\/\/www.erenarch.com\/index.php\/wp-json\/wp\/v2\/media?parent=2067"}],"curies":[{"name":"wp","href":"https:\/\/api.w.org\/{rel}","templated":true}]}}