{"id":1948,"date":"2021-12-19T00:34:05","date_gmt":"2021-12-18T21:34:05","guid":{"rendered":"http:\/\/www.erenarch.com\/?page_id=1948"},"modified":"2022-01-08T13:16:42","modified_gmt":"2022-01-08T10:16:42","slug":"projeler-projects","status":"publish","type":"page","link":"http:\/\/www.erenarch.com\/index.php\/projeler-projects\/","title":{"rendered":"PROJELER\/ PROJECTS"},"content":{"rendered":"\n<p><\/p>\n\n\n\n<p>G\u00dcZELYALI KONUT PROJESI \/ G\u00dcZELYALI SEMI-ATTACHED HOUSE ARCHITECTURAL DESIGN AND PROJECT (\u00c7ANAKKALE)<\/p>\n\n\n\n<figure class=\"wp-block-image size-large\"><a href=\"http:\/\/www.erenarch.com\/index.php\/projeler-projects\/guzelyali\/img_5852\/\" rel=\"http:\/\/www.erenarch.com\/index.php\/projeler-projects\/guzelyali\/\"><img loading=\"lazy\" width=\"525\" height=\"295\" src=\"https:\/\/i0.wp.com\/www.erenarch.com\/wp-content\/uploads\/2021\/12\/IMG_5852.jpg?resize=525%2C295\" alt=\"\" class=\"wp-image-1860\" srcset=\"https:\/\/i0.wp.com\/www.erenarch.com\/wp-content\/uploads\/2021\/12\/IMG_5852.jpg?resize=1024%2C576 1024w, https:\/\/i0.wp.com\/www.erenarch.com\/wp-content\/uploads\/2021\/12\/IMG_5852.jpg?resize=300%2C169 300w, https:\/\/i0.wp.com\/www.erenarch.com\/wp-content\/uploads\/2021\/12\/IMG_5852.jpg?resize=768%2C432 768w, https:\/\/i0.wp.com\/www.erenarch.com\/wp-content\/uploads\/2021\/12\/IMG_5852.jpg?resize=1536%2C864 1536w, https:\/\/i0.wp.com\/www.erenarch.com\/wp-content\/uploads\/2021\/12\/IMG_5852.jpg?w=1920 1920w\" sizes=\"(max-width: 767px) 89vw, (max-width: 1000px) 54vw, (max-width: 1071px) 543px, 580px\" data-recalc-dims=\"1\" \/><\/a><\/figure>\n\n\n\n<p><br><\/p>\n\n\n\n<p><\/p>\n\n\n\n<p><\/p>\n\n\n\n<p>AL\u0130 NUR\u0130 \u00c7OLAKO\u011eLU MESLEK L\u0130SES\u0130\/ AL\u0130 NUR\u0130 \u00c7OLAKO\u011eLU HIGH SCHOOL (GEBZE, \u0130STANBUL)<\/p>\n\n\n\n<figure class=\"wp-block-image size-large\"><a href=\"http:\/\/www.erenarch.com\/index.php\/projeler-projects\/gebze-okul\/imag0010\/\" rel=\"http:\/\/www.erenarch.com\/index.php\/gebze-okul\/\"><img loading=\"lazy\" width=\"525\" height=\"297\" src=\"https:\/\/i0.wp.com\/www.erenarch.com\/wp-content\/uploads\/2022\/01\/IMAG0010.jpg?resize=525%2C297\" alt=\"\" class=\"wp-image-2254\" srcset=\"https:\/\/i0.wp.com\/www.erenarch.com\/wp-content\/uploads\/2022\/01\/IMAG0010-scaled.jpg?resize=1024%2C579 1024w, https:\/\/i0.wp.com\/www.erenarch.com\/wp-content\/uploads\/2022\/01\/IMAG0010-scaled.jpg?resize=300%2C170 300w, https:\/\/i0.wp.com\/www.erenarch.com\/wp-content\/uploads\/2022\/01\/IMAG0010-scaled.jpg?resize=768%2C434 768w, https:\/\/i0.wp.com\/www.erenarch.com\/wp-content\/uploads\/2022\/01\/IMAG0010-scaled.jpg?resize=1536%2C869 1536w, https:\/\/i0.wp.com\/www.erenarch.com\/wp-content\/uploads\/2022\/01\/IMAG0010-scaled.jpg?resize=2048%2C1158 2048w\" sizes=\"(max-width: 767px) 89vw, (max-width: 1000px) 54vw, (max-width: 1071px) 543px, 580px\" data-recalc-dims=\"1\" \/><\/a><\/figure>\n\n\n\n<p><\/p>\n\n\n\n<p><\/p>\n\n\n\n<p>ONYED\u0130 BURDA AVM K\u0130OSK \/ONYED\u0130 BURDA SHOPPING MALL KIOSK (\u00c7ANAKKALE)<\/p>\n\n\n\n<figure class=\"wp-block-image size-large\"><a href=\"http:\/\/www.erenarch.com\/index.php\/projeler-projects\/onyedi-burda-avm-kiosk-onyedi-burda-shopping-mall-kiosk-canakkale\/01c2afcdafd08cbf5def1802d5476bdf1cf2727cf2-2\/\" rel=\"http:\/\/www.erenarch.com\/index.php\/onyedi-burda-avm-kiosk-onyedi-burda-shopping-mall-kiosk-canakkale\/\"><img loading=\"lazy\" width=\"525\" height=\"394\" src=\"https:\/\/i0.wp.com\/www.erenarch.com\/wp-content\/uploads\/2022\/01\/01c2afcdafd08cbf5def1802d5476bdf1cf2727cf2-2.jpg?resize=525%2C394\" alt=\"\" class=\"wp-image-2207\" srcset=\"https:\/\/i0.wp.com\/www.erenarch.com\/wp-content\/uploads\/2022\/01\/01c2afcdafd08cbf5def1802d5476bdf1cf2727cf2-2.jpg?resize=1024%2C768 1024w, https:\/\/i0.wp.com\/www.erenarch.com\/wp-content\/uploads\/2022\/01\/01c2afcdafd08cbf5def1802d5476bdf1cf2727cf2-2.jpg?resize=300%2C225 300w, https:\/\/i0.wp.com\/www.erenarch.com\/wp-content\/uploads\/2022\/01\/01c2afcdafd08cbf5def1802d5476bdf1cf2727cf2-2.jpg?resize=768%2C576 768w, https:\/\/i0.wp.com\/www.erenarch.com\/wp-content\/uploads\/2022\/01\/01c2afcdafd08cbf5def1802d5476bdf1cf2727cf2-2.jpg?resize=1536%2C1152 1536w\" sizes=\"(max-width: 767px) 89vw, (max-width: 1000px) 54vw, (max-width: 1071px) 543px, 580px\" data-recalc-dims=\"1\" \/><\/a><\/figure>\n\n\n\n<p><\/p>\n\n\n\n<p><\/p>\n\n\n\n<p><\/p>\n\n\n\n<p><\/p>\n\n\n\n<p>AYKUT K\u00d6KSAL EV+ OF\u0130S \/ AYKUT K\u00d6KSAL HOME OFFICE (N\u0130\u015eANTA\u015eI, \u0130STANBUL)<\/p>\n\n\n\n<figure class=\"wp-block-image size-large\"><a href=\"http:\/\/www.erenarch.com\/index.php\/projeler-projects\/ak\/20160409_1748531\/\" rel=\"http:\/\/www.erenarch.com\/index.php\/ak\/\"><img loading=\"lazy\" width=\"525\" height=\"700\" src=\"https:\/\/i0.wp.com\/www.erenarch.com\/wp-content\/uploads\/2022\/01\/20160409_1748531.jpg?resize=525%2C700\" alt=\"\" class=\"wp-image-2228\" srcset=\"https:\/\/i0.wp.com\/www.erenarch.com\/wp-content\/uploads\/2022\/01\/20160409_1748531-scaled.jpg?resize=768%2C1024 768w, https:\/\/i0.wp.com\/www.erenarch.com\/wp-content\/uploads\/2022\/01\/20160409_1748531-scaled.jpg?resize=225%2C300 225w, https:\/\/i0.wp.com\/www.erenarch.com\/wp-content\/uploads\/2022\/01\/20160409_1748531-scaled.jpg?resize=1152%2C1536 1152w, https:\/\/i0.wp.com\/www.erenarch.com\/wp-content\/uploads\/2022\/01\/20160409_1748531-scaled.jpg?resize=1536%2C2048 1536w, https:\/\/i0.wp.com\/www.erenarch.com\/wp-content\/uploads\/2022\/01\/20160409_1748531-scaled.jpg?w=1920 1920w, https:\/\/i0.wp.com\/www.erenarch.com\/wp-content\/uploads\/2022\/01\/20160409_1748531-scaled.jpg?w=1050 1050w\" sizes=\"(max-width: 767px) 89vw, (max-width: 1000px) 54vw, (max-width: 1071px) 543px, 580px\" data-recalc-dims=\"1\" \/><\/a><\/figure>\n\n\n\n<p><\/p>\n\n\n\n<p><\/p>\n\n\n\n<p><\/p>\n\n\n\n<p>MELEK ERDO\u011eAN-MAC\u0130DE \u00d6ZBEK KONUT TASARIMI (\u00dcSK\u00dcDAR, \u0130STANBUL) 2010<\/p>\n\n\n\n<figure class=\"wp-block-image size-large\"><a href=\"http:\/\/www.erenarch.com\/index.php\/projeler-projects\/melek-erdogan-macide-ozbek-konut-tasarimi-uskudar-istanbul-2010\/untitled-1-copy\/\" rel=\"http:\/\/www.erenarch.com\/index.php\/melek-erdogan-macide-ozbek-konut-tasarimi-uskudar-istanbul-2010\/\"><img loading=\"lazy\" width=\"525\" height=\"544\" src=\"https:\/\/i0.wp.com\/www.erenarch.com\/wp-content\/uploads\/2022\/01\/Untitled-1-copy.jpg?resize=525%2C544\" alt=\"\" class=\"wp-image-2343\" srcset=\"https:\/\/i0.wp.com\/www.erenarch.com\/wp-content\/uploads\/2022\/01\/Untitled-1-copy-scaled.jpg?resize=988%2C1024 988w, https:\/\/i0.wp.com\/www.erenarch.com\/wp-content\/uploads\/2022\/01\/Untitled-1-copy-scaled.jpg?resize=289%2C300 289w, https:\/\/i0.wp.com\/www.erenarch.com\/wp-content\/uploads\/2022\/01\/Untitled-1-copy-scaled.jpg?resize=768%2C796 768w, https:\/\/i0.wp.com\/www.erenarch.com\/wp-content\/uploads\/2022\/01\/Untitled-1-copy-scaled.jpg?resize=1482%2C1536 1482w, https:\/\/i0.wp.com\/www.erenarch.com\/wp-content\/uploads\/2022\/01\/Untitled-1-copy-scaled.jpg?resize=1976%2C2048 1976w, https:\/\/i0.wp.com\/www.erenarch.com\/wp-content\/uploads\/2022\/01\/Untitled-1-copy-scaled.jpg?w=1050 1050w, https:\/\/i0.wp.com\/www.erenarch.com\/wp-content\/uploads\/2022\/01\/Untitled-1-copy-scaled.jpg?w=1575 1575w\" sizes=\"(max-width: 767px) 89vw, (max-width: 1000px) 54vw, (max-width: 1071px) 543px, 580px\" data-recalc-dims=\"1\" \/><\/a><\/figure>\n\n\n\n<p><\/p>\n\n\n\n<p><\/p>\n\n\n\n<p><\/p>\n\n\n\n<p><\/p>\n\n\n\n<p>ED\u0130RNE PLAZA \u0130\u015e MERKEZ\u0130\/ ED\u0130RNE COMMERCIAL CENTER (ED\u0130RNE, \u0130STANBUL)<\/p>\n\n\n\n<figure class=\"wp-block-image size-large\"><a href=\"http:\/\/www.erenarch.com\/index.php\/projeler-projects\/edirne\/imag0331\/\" rel=\"http:\/\/www.erenarch.com\/index.php\/edirne\/\"><img loading=\"lazy\" width=\"525\" height=\"314\" src=\"https:\/\/i0.wp.com\/www.erenarch.com\/wp-content\/uploads\/2022\/01\/IMAG0331.jpg?resize=525%2C314\" alt=\"\" class=\"wp-image-2241\" srcset=\"https:\/\/i0.wp.com\/www.erenarch.com\/wp-content\/uploads\/2022\/01\/IMAG0331-scaled.jpg?resize=1024%2C613 1024w, https:\/\/i0.wp.com\/www.erenarch.com\/wp-content\/uploads\/2022\/01\/IMAG0331-scaled.jpg?resize=300%2C180 300w, https:\/\/i0.wp.com\/www.erenarch.com\/wp-content\/uploads\/2022\/01\/IMAG0331-scaled.jpg?resize=768%2C460 768w, https:\/\/i0.wp.com\/www.erenarch.com\/wp-content\/uploads\/2022\/01\/IMAG0331-scaled.jpg?resize=1536%2C920 1536w, https:\/\/i0.wp.com\/www.erenarch.com\/wp-content\/uploads\/2022\/01\/IMAG0331-scaled.jpg?resize=2048%2C1226 2048w, https:\/\/i0.wp.com\/www.erenarch.com\/wp-content\/uploads\/2022\/01\/IMAG0331-scaled.jpg?resize=2000%2C1200 2000w\" sizes=\"(max-width: 767px) 89vw, (max-width: 1000px) 54vw, (max-width: 1071px) 543px, 580px\" data-recalc-dims=\"1\" \/><\/a><\/figure>\n\n\n\n<p><\/p>\n\n\n\n<p><\/p>\n\n\n\n<p><\/p>\n\n\n\n<p><\/p>\n\n\n\n<p>EMSEY HASTANES\u0130\/ EMSEY HOSPITAL (KURTK\u00d6Y, \u0130STANBUL)<\/p>\n\n\n\n<figure class=\"wp-block-image size-large\"><a href=\"http:\/\/www.erenarch.com\/index.php\/projeler-projects\/emsey-hastanesi-emsey-hospital-kurtkoy-istanbul\/imag0272\/\" rel=\"http:\/\/www.erenarch.com\/index.php\/projeler-projects\/emsey-hastanesi-emsey-hospital-kurtkoy-istanbul\/\"><img loading=\"lazy\" width=\"525\" height=\"314\" src=\"https:\/\/i0.wp.com\/www.erenarch.com\/wp-content\/uploads\/2021\/12\/IMAG0272.jpg?resize=525%2C314\" alt=\"\" class=\"wp-image-2127\" srcset=\"https:\/\/i0.wp.com\/www.erenarch.com\/wp-content\/uploads\/2021\/12\/IMAG0272-scaled.jpg?resize=1024%2C613 1024w, https:\/\/i0.wp.com\/www.erenarch.com\/wp-content\/uploads\/2021\/12\/IMAG0272-scaled.jpg?resize=300%2C180 300w, https:\/\/i0.wp.com\/www.erenarch.com\/wp-content\/uploads\/2021\/12\/IMAG0272-scaled.jpg?resize=768%2C460 768w, https:\/\/i0.wp.com\/www.erenarch.com\/wp-content\/uploads\/2021\/12\/IMAG0272-scaled.jpg?resize=1536%2C920 1536w, https:\/\/i0.wp.com\/www.erenarch.com\/wp-content\/uploads\/2021\/12\/IMAG0272-scaled.jpg?resize=2048%2C1226 2048w, https:\/\/i0.wp.com\/www.erenarch.com\/wp-content\/uploads\/2021\/12\/IMAG0272-scaled.jpg?resize=2000%2C1200 2000w\" sizes=\"(max-width: 767px) 89vw, (max-width: 1000px) 54vw, (max-width: 1071px) 543px, 580px\" data-recalc-dims=\"1\" \/><\/a><\/figure>\n\n\n\n<p><br><\/p>\n\n\n\n<p><\/p>\n\n\n\n<p><\/p>\n\n\n\n<p>INVESTIM KONUT CEPHE DE\u011eI\u015eIM PROJESI UYGULAMASI\/ INVESTIM HOUSE FACADE RENEWAL PROJECT (MALI)<\/p>\n\n\n\n<figure class=\"wp-block-image size-large\"><a class=\"\" href=\"http:\/\/www.erenarch.com\/index.php\/projeler-projects\/investim-konut-cephe-degisim-projesi-uygulamasi-investim-house-facade-renewal-project-mali\/investim-2\/\" rel=\"http:\/\/www.erenarch.com\/index.php\/projeler-projects\/investim-konut-cephe-degisim-projesi-uygulamasi-investim-house-facade-renewal-project-mali\/\"><img loading=\"lazy\" width=\"525\" height=\"371\" src=\"https:\/\/i0.wp.com\/www.erenarch.com\/wp-content\/uploads\/2021\/12\/INVESTIM.jpg?resize=525%2C371\" alt=\"\" class=\"wp-image-1871\" srcset=\"https:\/\/i0.wp.com\/www.erenarch.com\/wp-content\/uploads\/2021\/12\/INVESTIM.jpg?resize=1024%2C724 1024w, https:\/\/i0.wp.com\/www.erenarch.com\/wp-content\/uploads\/2021\/12\/INVESTIM.jpg?resize=300%2C212 300w, https:\/\/i0.wp.com\/www.erenarch.com\/wp-content\/uploads\/2021\/12\/INVESTIM.jpg?resize=768%2C543 768w, https:\/\/i0.wp.com\/www.erenarch.com\/wp-content\/uploads\/2021\/12\/INVESTIM.jpg?w=1280 1280w\" sizes=\"(max-width: 767px) 89vw, (max-width: 1000px) 54vw, (max-width: 1071px) 543px, 580px\" data-recalc-dims=\"1\" \/><\/a><\/figure>\n\n\n\n<p><\/p>\n\n\n\n<p><\/p>\n\n\n\n<p><\/p>\n\n\n\n<p><\/p>\n\n\n\n<p><\/p>\n\n\n\n<p><\/p>\n\n\n\n<p><\/p>\n\n\n\n<p><\/p>\n","protected":false},"excerpt":{"rendered":"<p>G\u00dcZELYALI KONUT PROJESI \/ G\u00dcZELYALI SEMI-ATTACHED HOUSE ARCHITECTURAL DESIGN AND PROJECT (\u00c7ANAKKALE) AL\u0130 NUR\u0130 \u00c7OLAKO\u011eLU MESLEK L\u0130SES\u0130\/ AL\u0130 NUR\u0130 \u00c7OLAKO\u011eLU HIGH SCHOOL (GEBZE, \u0130STANBUL) ONYED\u0130 BURDA AVM K\u0130OSK \/ONYED\u0130 BURDA SHOPPING MALL KIOSK (\u00c7ANAKKALE) AYKUT K\u00d6KSAL EV+ OF\u0130S \/ AYKUT K\u00d6KSAL HOME OFFICE (N\u0130\u015eANTA\u015eI, \u0130STANBUL) MELEK ERDO\u011eAN-MAC\u0130DE \u00d6ZBEK KONUT TASARIMI (\u00dcSK\u00dcDAR, \u0130STANBUL) 2010 ED\u0130RNE PLAZA &hellip; <\/p>\n<p class=\"link-more\"><a href=\"http:\/\/www.erenarch.com\/index.php\/projeler-projects\/\" class=\"more-link\">Continue reading<span class=\"screen-reader-text\"> &#8220;PROJELER\/ PROJECTS&#8221;<\/span><\/a><\/p>\n","protected":false},"author":1,"featured_media":0,"parent":0,"menu_order":0,"comment_status":"closed","ping_status":"closed","template":"","meta":[],"jetpack_sharing_enabled":true,"jetpack-related-posts":[],"_links":{"self":[{"href":"http:\/\/www.erenarch.com\/index.php\/wp-json\/wp\/v2\/pages\/1948"}],"collection":[{"href":"http:\/\/www.erenarch.com\/index.php\/wp-json\/wp\/v2\/pages"}],"about":[{"href":"http:\/\/www.erenarch.com\/index.php\/wp-json\/wp\/v2\/types\/page"}],"author":[{"embeddable":true,"href":"http:\/\/www.erenarch.com\/index.php\/wp-json\/wp\/v2\/users\/1"}],"replies":[{"embeddable":true,"href":"http:\/\/www.erenarch.com\/index.php\/wp-json\/wp\/v2\/comments?post=1948"}],"version-history":[{"count":97,"href":"http:\/\/www.erenarch.com\/index.php\/wp-json\/wp\/v2\/pages\/1948\/revisions"}],"predecessor-version":[{"id":2425,"href":"http:\/\/www.erenarch.com\/index.php\/wp-json\/wp\/v2\/pages\/1948\/revisions\/2425"}],"wp:attachment":[{"href":"http:\/\/www.erenarch.com\/index.php\/wp-json\/wp\/v2\/media?parent=1948"}],"curies":[{"name":"wp","href":"https:\/\/api.w.org\/{rel}","templated":true}]}}