{"id":1908,"date":"2021-12-18T23:23:55","date_gmt":"2021-12-18T20:23:55","guid":{"rendered":"http:\/\/www.erenarch.com\/?page_id=1908"},"modified":"2021-12-19T22:47:53","modified_gmt":"2021-12-19T19:47:53","slug":"iletisim-contact","status":"publish","type":"page","link":"http:\/\/www.erenarch.com\/index.php\/iletisim-contact\/","title":{"rendered":"\u0130LET\u0130\u015e\u0130M \/ CONTACT"},"content":{"rendered":"\n<p><\/p>\n\n\n\n<p>Erenler Mimarlik M\u00fc\u015favirlik insaat Sanayi Ve Limited \u015eirketi<\/p>\n\n\n\n<p>\u0130brahim Eren: 0533 317 57 22<br><\/p>\n\n\n\n<p><\/p>\n\n\n\n<p><strong>\u00c7anakkale<\/strong><\/p>\n\n\n\n<p>Yeni \u0130zmir Yolu Caddesi No. 86\/ 2. G\u00fczelyal\u0131 K\u00f6y\u00fc \u00c7anakkale\/ T\u00fcrkiye<\/p>\n\n\n\n<p> <\/p>\n\n\n\n<p><strong>\u0130stanbul<\/strong><\/p>\n\n\n\n<p><br>Valide-i Atik Mahallesi \u00c7inili Cami Sokak No. 8\/3 \u00dcsk\u00fcdar\/ \u0130stanbul<\/p>\n\n\n\n<p><\/p>\n\n\n\n<p><\/p>\n","protected":false},"excerpt":{"rendered":"<p>Erenler Mimarlik M\u00fc\u015favirlik insaat Sanayi Ve Limited \u015eirketi \u0130brahim Eren: 0533 317 57 22 \u00c7anakkale Yeni \u0130zmir Yolu Caddesi No. 86\/ 2. G\u00fczelyal\u0131 K\u00f6y\u00fc \u00c7anakkale\/ T\u00fcrkiye \u0130stanbul Valide-i Atik Mahallesi \u00c7inili Cami Sokak No. 8\/3 \u00dcsk\u00fcdar\/ \u0130stanbul<\/p>\n","protected":false},"author":1,"featured_media":0,"parent":0,"menu_order":0,"comment_status":"closed","ping_status":"closed","template":"","meta":[],"jetpack_sharing_enabled":true,"jetpack-related-posts":[],"_links":{"self":[{"href":"http:\/\/www.erenarch.com\/index.php\/wp-json\/wp\/v2\/pages\/1908"}],"collection":[{"href":"http:\/\/www.erenarch.com\/index.php\/wp-json\/wp\/v2\/pages"}],"about":[{"href":"http:\/\/www.erenarch.com\/index.php\/wp-json\/wp\/v2\/types\/page"}],"author":[{"embeddable":true,"href":"http:\/\/www.erenarch.com\/index.php\/wp-json\/wp\/v2\/users\/1"}],"replies":[{"embeddable":true,"href":"http:\/\/www.erenarch.com\/index.php\/wp-json\/wp\/v2\/comments?post=1908"}],"version-history":[{"count":13,"href":"http:\/\/www.erenarch.com\/index.php\/wp-json\/wp\/v2\/pages\/1908\/revisions"}],"predecessor-version":[{"id":2028,"href":"http:\/\/www.erenarch.com\/index.php\/wp-json\/wp\/v2\/pages\/1908\/revisions\/2028"}],"wp:attachment":[{"href":"http:\/\/www.erenarch.com\/index.php\/wp-json\/wp\/v2\/media?parent=1908"}],"curies":[{"name":"wp","href":"https:\/\/api.w.org\/{rel}","templated":true}]}}