{"id":1775,"date":"2021-12-18T21:42:52","date_gmt":"2021-12-18T18:42:52","guid":{"rendered":"http:\/\/www.erenarch.com\/?page_id=1775"},"modified":"2023-01-07T01:18:45","modified_gmt":"2023-01-06T22:18:45","slug":"atolye","status":"publish","type":"page","link":"http:\/\/www.erenarch.com\/index.php\/ic-mekan-interior\/atolye\/","title":{"rendered":"AT\u00d6LYE \u00dcSK\u00dcDAR \/ USKUDAR OFFICE (AT\u0130K VAL\u0130DE- \u00dcSK\u00dcDAR, \u0130STANBUL)"},"content":{"rendered":"\n<p><strong>\u0130\u015e\u0130N KAPSAMI \/ WORK<\/strong><\/p>\n\n\n\n<p><\/p>\n\n\n\n<p><\/p>\n\n\n\n<p>(Ocak 2021-devam ediyor)<\/p>\n\n\n\n<p>KIRTAS\u0130YE D\u00dcKKANINDAN OF\u0130SE D\u00d6N\u00dc\u015e\u00dcM \u0130\u00c7 MEKAN TASARIMI-UYGULAMASI \/INTERIOR OFFICE DESIGN <\/p>\n\n\n\n<p>\u00d6nce<\/p>\n\n\n\n<figure class=\"wp-block-image size-large\"><img loading=\"lazy\" width=\"525\" height=\"700\" src=\"https:\/\/i0.wp.com\/www.erenarch.com\/wp-content\/uploads\/2021\/12\/E68ECE54-6C64-4F93-943A-DA4E6619FA49.jpeg?resize=525%2C700\" alt=\"\" class=\"wp-image-1796\" srcset=\"https:\/\/i0.wp.com\/www.erenarch.com\/wp-content\/uploads\/2021\/12\/E68ECE54-6C64-4F93-943A-DA4E6619FA49-scaled.jpeg?resize=768%2C1024 768w, https:\/\/i0.wp.com\/www.erenarch.com\/wp-content\/uploads\/2021\/12\/E68ECE54-6C64-4F93-943A-DA4E6619FA49-scaled.jpeg?resize=225%2C300 225w, https:\/\/i0.wp.com\/www.erenarch.com\/wp-content\/uploads\/2021\/12\/E68ECE54-6C64-4F93-943A-DA4E6619FA49-scaled.jpeg?resize=1152%2C1536 1152w, https:\/\/i0.wp.com\/www.erenarch.com\/wp-content\/uploads\/2021\/12\/E68ECE54-6C64-4F93-943A-DA4E6619FA49-scaled.jpeg?resize=1536%2C2048 1536w, https:\/\/i0.wp.com\/www.erenarch.com\/wp-content\/uploads\/2021\/12\/E68ECE54-6C64-4F93-943A-DA4E6619FA49-scaled.jpeg?w=1920 1920w, https:\/\/i0.wp.com\/www.erenarch.com\/wp-content\/uploads\/2021\/12\/E68ECE54-6C64-4F93-943A-DA4E6619FA49-scaled.jpeg?w=1050 1050w\" sizes=\"(max-width: 767px) 89vw, (max-width: 1000px) 54vw, (max-width: 1071px) 543px, 580px\" data-recalc-dims=\"1\" \/><\/figure>\n\n\n\n<figure class=\"wp-block-image size-large\"><img loading=\"lazy\" width=\"525\" height=\"700\" src=\"https:\/\/i0.wp.com\/www.erenarch.com\/wp-content\/uploads\/2021\/12\/C5568420-8AFA-4E20-B31B-82EC87DF82C3.jpeg?resize=525%2C700\" alt=\"\" class=\"wp-image-1785\" srcset=\"https:\/\/i0.wp.com\/www.erenarch.com\/wp-content\/uploads\/2021\/12\/C5568420-8AFA-4E20-B31B-82EC87DF82C3-scaled.jpeg?resize=768%2C1024 768w, https:\/\/i0.wp.com\/www.erenarch.com\/wp-content\/uploads\/2021\/12\/C5568420-8AFA-4E20-B31B-82EC87DF82C3-scaled.jpeg?resize=225%2C300 225w, https:\/\/i0.wp.com\/www.erenarch.com\/wp-content\/uploads\/2021\/12\/C5568420-8AFA-4E20-B31B-82EC87DF82C3-scaled.jpeg?resize=1152%2C1536 1152w, https:\/\/i0.wp.com\/www.erenarch.com\/wp-content\/uploads\/2021\/12\/C5568420-8AFA-4E20-B31B-82EC87DF82C3-scaled.jpeg?resize=1536%2C2048 1536w, https:\/\/i0.wp.com\/www.erenarch.com\/wp-content\/uploads\/2021\/12\/C5568420-8AFA-4E20-B31B-82EC87DF82C3-scaled.jpeg?w=1920 1920w, https:\/\/i0.wp.com\/www.erenarch.com\/wp-content\/uploads\/2021\/12\/C5568420-8AFA-4E20-B31B-82EC87DF82C3-scaled.jpeg?w=1050 1050w\" sizes=\"(max-width: 767px) 89vw, (max-width: 1000px) 54vw, (max-width: 1071px) 543px, 580px\" data-recalc-dims=\"1\" \/><\/figure>\n\n\n\n<figure class=\"wp-block-image size-large\"><img loading=\"lazy\" width=\"525\" height=\"394\" src=\"https:\/\/i0.wp.com\/www.erenarch.com\/wp-content\/uploads\/2021\/12\/8F0FF01B-38A5-478D-8F12-23FF9837A627.jpeg?resize=525%2C394\" alt=\"\" class=\"wp-image-1786\" srcset=\"https:\/\/i0.wp.com\/www.erenarch.com\/wp-content\/uploads\/2021\/12\/8F0FF01B-38A5-478D-8F12-23FF9837A627-scaled.jpeg?resize=1024%2C768 1024w, https:\/\/i0.wp.com\/www.erenarch.com\/wp-content\/uploads\/2021\/12\/8F0FF01B-38A5-478D-8F12-23FF9837A627-scaled.jpeg?resize=300%2C225 300w, https:\/\/i0.wp.com\/www.erenarch.com\/wp-content\/uploads\/2021\/12\/8F0FF01B-38A5-478D-8F12-23FF9837A627-scaled.jpeg?resize=768%2C576 768w, https:\/\/i0.wp.com\/www.erenarch.com\/wp-content\/uploads\/2021\/12\/8F0FF01B-38A5-478D-8F12-23FF9837A627-scaled.jpeg?resize=1536%2C1152 1536w, https:\/\/i0.wp.com\/www.erenarch.com\/wp-content\/uploads\/2021\/12\/8F0FF01B-38A5-478D-8F12-23FF9837A627-scaled.jpeg?resize=2048%2C1536 2048w\" sizes=\"(max-width: 767px) 89vw, (max-width: 1000px) 54vw, (max-width: 1071px) 543px, 580px\" data-recalc-dims=\"1\" \/><\/figure>\n\n\n\n<figure class=\"wp-block-image size-large\"><img loading=\"lazy\" width=\"525\" height=\"700\" src=\"https:\/\/i0.wp.com\/www.erenarch.com\/wp-content\/uploads\/2021\/12\/4F6D5987-0A15-443D-8C50-B8EFF53D4BB7.jpeg?resize=525%2C700\" alt=\"\" class=\"wp-image-1788\" srcset=\"https:\/\/i0.wp.com\/www.erenarch.com\/wp-content\/uploads\/2021\/12\/4F6D5987-0A15-443D-8C50-B8EFF53D4BB7-scaled.jpeg?resize=768%2C1024 768w, https:\/\/i0.wp.com\/www.erenarch.com\/wp-content\/uploads\/2021\/12\/4F6D5987-0A15-443D-8C50-B8EFF53D4BB7-scaled.jpeg?resize=225%2C300 225w, https:\/\/i0.wp.com\/www.erenarch.com\/wp-content\/uploads\/2021\/12\/4F6D5987-0A15-443D-8C50-B8EFF53D4BB7-scaled.jpeg?resize=1152%2C1536 1152w, https:\/\/i0.wp.com\/www.erenarch.com\/wp-content\/uploads\/2021\/12\/4F6D5987-0A15-443D-8C50-B8EFF53D4BB7-scaled.jpeg?resize=1536%2C2048 1536w, https:\/\/i0.wp.com\/www.erenarch.com\/wp-content\/uploads\/2021\/12\/4F6D5987-0A15-443D-8C50-B8EFF53D4BB7-scaled.jpeg?w=1920 1920w, https:\/\/i0.wp.com\/www.erenarch.com\/wp-content\/uploads\/2021\/12\/4F6D5987-0A15-443D-8C50-B8EFF53D4BB7-scaled.jpeg?w=1050 1050w\" sizes=\"(max-width: 767px) 89vw, (max-width: 1000px) 54vw, (max-width: 1071px) 543px, 580px\" data-recalc-dims=\"1\" \/><\/figure>\n\n\n\n<p><\/p>\n","protected":false},"excerpt":{"rendered":"<p>\u0130\u015e\u0130N KAPSAMI \/ WORK (Ocak 2021-devam ediyor) KIRTAS\u0130YE D\u00dcKKANINDAN OF\u0130SE D\u00d6N\u00dc\u015e\u00dcM \u0130\u00c7 MEKAN TASARIMI-UYGULAMASI \/INTERIOR OFFICE DESIGN \u00d6nce<\/p>\n","protected":false},"author":1,"featured_media":0,"parent":2398,"menu_order":0,"comment_status":"closed","ping_status":"closed","template":"","meta":[],"jetpack_sharing_enabled":true,"jetpack-related-posts":[],"_links":{"self":[{"href":"http:\/\/www.erenarch.com\/index.php\/wp-json\/wp\/v2\/pages\/1775"}],"collection":[{"href":"http:\/\/www.erenarch.com\/index.php\/wp-json\/wp\/v2\/pages"}],"about":[{"href":"http:\/\/www.erenarch.com\/index.php\/wp-json\/wp\/v2\/types\/page"}],"author":[{"embeddable":true,"href":"http:\/\/www.erenarch.com\/index.php\/wp-json\/wp\/v2\/users\/1"}],"replies":[{"embeddable":true,"href":"http:\/\/www.erenarch.com\/index.php\/wp-json\/wp\/v2\/comments?post=1775"}],"version-history":[{"count":15,"href":"http:\/\/www.erenarch.com\/index.php\/wp-json\/wp\/v2\/pages\/1775\/revisions"}],"predecessor-version":[{"id":2519,"href":"http:\/\/www.erenarch.com\/index.php\/wp-json\/wp\/v2\/pages\/1775\/revisions\/2519"}],"up":[{"embeddable":true,"href":"http:\/\/www.erenarch.com\/index.php\/wp-json\/wp\/v2\/pages\/2398"}],"wp:attachment":[{"href":"http:\/\/www.erenarch.com\/index.php\/wp-json\/wp\/v2\/media?parent=1775"}],"curies":[{"name":"wp","href":"https:\/\/api.w.org\/{rel}","templated":true}]}}