{"id":1743,"date":"2021-12-18T21:13:37","date_gmt":"2021-12-18T18:13:37","guid":{"rendered":"http:\/\/www.erenarch.com\/?page_id=1743"},"modified":"2022-08-13T18:59:38","modified_gmt":"2022-08-13T15:59:38","slug":"guzelyali","status":"publish","type":"page","link":"http:\/\/www.erenarch.com\/index.php\/projeler-projects\/guzelyali\/","title":{"rendered":"Konut Projesi \/ Semi-attached House Architectural Design and Project &#8211; 2 (G\u00fczelyal\u0131 \u00c7ANAKKALE)"},"content":{"rendered":"\n<p><strong>\u0130\u015e\u0130N KAPSAMI \/ WORK<\/strong><\/p>\n\n\n\n<p>M\u0130MAR\u0130 PROJE VE UYGULAMA<\/p>\n\n\n\n<p><\/p>\n\n\n\n<figure class=\"wp-block-image size-large\"><img loading=\"lazy\" width=\"525\" height=\"579\" src=\"https:\/\/i0.wp.com\/www.erenarch.com\/wp-content\/uploads\/2022\/08\/4EDC3ED3-10A5-4C11-A84C-646FE10BBAFD.jpeg?resize=525%2C579\" alt=\"\" class=\"wp-image-2496\" srcset=\"https:\/\/i0.wp.com\/www.erenarch.com\/wp-content\/uploads\/2022\/08\/4EDC3ED3-10A5-4C11-A84C-646FE10BBAFD.jpeg?resize=929%2C1024 929w, https:\/\/i0.wp.com\/www.erenarch.com\/wp-content\/uploads\/2022\/08\/4EDC3ED3-10A5-4C11-A84C-646FE10BBAFD.jpeg?resize=272%2C300 272w, https:\/\/i0.wp.com\/www.erenarch.com\/wp-content\/uploads\/2022\/08\/4EDC3ED3-10A5-4C11-A84C-646FE10BBAFD.jpeg?resize=768%2C846 768w, https:\/\/i0.wp.com\/www.erenarch.com\/wp-content\/uploads\/2022\/08\/4EDC3ED3-10A5-4C11-A84C-646FE10BBAFD.jpeg?resize=1394%2C1536 1394w, https:\/\/i0.wp.com\/www.erenarch.com\/wp-content\/uploads\/2022\/08\/4EDC3ED3-10A5-4C11-A84C-646FE10BBAFD.jpeg?w=1440 1440w, https:\/\/i0.wp.com\/www.erenarch.com\/wp-content\/uploads\/2022\/08\/4EDC3ED3-10A5-4C11-A84C-646FE10BBAFD.jpeg?w=1050 1050w\" sizes=\"(max-width: 767px) 89vw, (max-width: 1000px) 54vw, (max-width: 1071px) 543px, 580px\" data-recalc-dims=\"1\" \/><\/figure>\n\n\n\n<figure class=\"wp-block-image size-large\"><img loading=\"lazy\" width=\"525\" height=\"578\" src=\"https:\/\/i0.wp.com\/www.erenarch.com\/wp-content\/uploads\/2022\/08\/031F4B04-5726-4FEF-BC4C-DDDBAF40C210.jpeg?resize=525%2C578\" alt=\"\" class=\"wp-image-2497\" srcset=\"https:\/\/i0.wp.com\/www.erenarch.com\/wp-content\/uploads\/2022\/08\/031F4B04-5726-4FEF-BC4C-DDDBAF40C210.jpeg?resize=930%2C1024 930w, https:\/\/i0.wp.com\/www.erenarch.com\/wp-content\/uploads\/2022\/08\/031F4B04-5726-4FEF-BC4C-DDDBAF40C210.jpeg?resize=273%2C300 273w, https:\/\/i0.wp.com\/www.erenarch.com\/wp-content\/uploads\/2022\/08\/031F4B04-5726-4FEF-BC4C-DDDBAF40C210.jpeg?resize=768%2C845 768w, https:\/\/i0.wp.com\/www.erenarch.com\/wp-content\/uploads\/2022\/08\/031F4B04-5726-4FEF-BC4C-DDDBAF40C210.jpeg?resize=1395%2C1536 1395w, https:\/\/i0.wp.com\/www.erenarch.com\/wp-content\/uploads\/2022\/08\/031F4B04-5726-4FEF-BC4C-DDDBAF40C210.jpeg?w=1440 1440w, https:\/\/i0.wp.com\/www.erenarch.com\/wp-content\/uploads\/2022\/08\/031F4B04-5726-4FEF-BC4C-DDDBAF40C210.jpeg?w=1050 1050w\" sizes=\"(max-width: 767px) 89vw, (max-width: 1000px) 54vw, (max-width: 1071px) 543px, 580px\" data-recalc-dims=\"1\" \/><\/figure>\n\n\n\n<figure class=\"wp-block-image size-large\"><img loading=\"lazy\" width=\"525\" height=\"579\" src=\"https:\/\/i0.wp.com\/www.erenarch.com\/wp-content\/uploads\/2022\/08\/AD86E3AE-7BE9-4EFB-A268-6B0D29791663.jpeg?resize=525%2C579\" alt=\"\" class=\"wp-image-2494\" srcset=\"https:\/\/i0.wp.com\/www.erenarch.com\/wp-content\/uploads\/2022\/08\/AD86E3AE-7BE9-4EFB-A268-6B0D29791663.jpeg?resize=929%2C1024 929w, https:\/\/i0.wp.com\/www.erenarch.com\/wp-content\/uploads\/2022\/08\/AD86E3AE-7BE9-4EFB-A268-6B0D29791663.jpeg?resize=272%2C300 272w, https:\/\/i0.wp.com\/www.erenarch.com\/wp-content\/uploads\/2022\/08\/AD86E3AE-7BE9-4EFB-A268-6B0D29791663.jpeg?resize=768%2C846 768w, https:\/\/i0.wp.com\/www.erenarch.com\/wp-content\/uploads\/2022\/08\/AD86E3AE-7BE9-4EFB-A268-6B0D29791663.jpeg?resize=1394%2C1536 1394w, https:\/\/i0.wp.com\/www.erenarch.com\/wp-content\/uploads\/2022\/08\/AD86E3AE-7BE9-4EFB-A268-6B0D29791663.jpeg?w=1440 1440w, https:\/\/i0.wp.com\/www.erenarch.com\/wp-content\/uploads\/2022\/08\/AD86E3AE-7BE9-4EFB-A268-6B0D29791663.jpeg?w=1050 1050w\" sizes=\"(max-width: 767px) 89vw, (max-width: 1000px) 54vw, (max-width: 1071px) 543px, 580px\" data-recalc-dims=\"1\" \/><\/figure>\n\n\n\n<figure class=\"wp-block-image size-large\"><img loading=\"lazy\" width=\"525\" height=\"700\" src=\"https:\/\/i0.wp.com\/www.erenarch.com\/wp-content\/uploads\/2022\/08\/90BBD67A-CDA8-4ADB-8464-58FF91DF9F29.jpeg?resize=525%2C700\" alt=\"\" class=\"wp-image-2481\" srcset=\"https:\/\/i0.wp.com\/www.erenarch.com\/wp-content\/uploads\/2022\/08\/90BBD67A-CDA8-4ADB-8464-58FF91DF9F29.jpeg?resize=768%2C1024 768w, https:\/\/i0.wp.com\/www.erenarch.com\/wp-content\/uploads\/2022\/08\/90BBD67A-CDA8-4ADB-8464-58FF91DF9F29.jpeg?resize=225%2C300 225w, https:\/\/i0.wp.com\/www.erenarch.com\/wp-content\/uploads\/2022\/08\/90BBD67A-CDA8-4ADB-8464-58FF91DF9F29.jpeg?resize=1152%2C1536 1152w, https:\/\/i0.wp.com\/www.erenarch.com\/wp-content\/uploads\/2022\/08\/90BBD67A-CDA8-4ADB-8464-58FF91DF9F29.jpeg?w=1200 1200w, https:\/\/i0.wp.com\/www.erenarch.com\/wp-content\/uploads\/2022\/08\/90BBD67A-CDA8-4ADB-8464-58FF91DF9F29.jpeg?w=1050 1050w\" sizes=\"(max-width: 767px) 89vw, (max-width: 1000px) 54vw, (max-width: 1071px) 543px, 580px\" data-recalc-dims=\"1\" \/><\/figure>\n\n\n\n<figure class=\"wp-block-image size-large\"><img loading=\"lazy\" width=\"525\" height=\"295\" src=\"https:\/\/i0.wp.com\/www.erenarch.com\/wp-content\/uploads\/2021\/12\/IMG_5898.jpg?resize=525%2C295\" alt=\"\" class=\"wp-image-1861\" srcset=\"https:\/\/i0.wp.com\/www.erenarch.com\/wp-content\/uploads\/2021\/12\/IMG_5898.jpg?resize=1024%2C576 1024w, https:\/\/i0.wp.com\/www.erenarch.com\/wp-content\/uploads\/2021\/12\/IMG_5898.jpg?resize=300%2C169 300w, https:\/\/i0.wp.com\/www.erenarch.com\/wp-content\/uploads\/2021\/12\/IMG_5898.jpg?resize=768%2C432 768w, https:\/\/i0.wp.com\/www.erenarch.com\/wp-content\/uploads\/2021\/12\/IMG_5898.jpg?resize=1536%2C864 1536w, https:\/\/i0.wp.com\/www.erenarch.com\/wp-content\/uploads\/2021\/12\/IMG_5898.jpg?w=1920 1920w\" sizes=\"(max-width: 767px) 89vw, (max-width: 1000px) 54vw, (max-width: 1071px) 543px, 580px\" data-recalc-dims=\"1\" \/><\/figure>\n\n\n\n<figure class=\"wp-block-image size-large\"><img loading=\"lazy\" width=\"525\" height=\"295\" src=\"https:\/\/i0.wp.com\/www.erenarch.com\/wp-content\/uploads\/2021\/12\/IMG_5852.jpg?resize=525%2C295\" alt=\"\" class=\"wp-image-1860\" srcset=\"https:\/\/i0.wp.com\/www.erenarch.com\/wp-content\/uploads\/2021\/12\/IMG_5852.jpg?resize=1024%2C576 1024w, https:\/\/i0.wp.com\/www.erenarch.com\/wp-content\/uploads\/2021\/12\/IMG_5852.jpg?resize=300%2C169 300w, https:\/\/i0.wp.com\/www.erenarch.com\/wp-content\/uploads\/2021\/12\/IMG_5852.jpg?resize=768%2C432 768w, https:\/\/i0.wp.com\/www.erenarch.com\/wp-content\/uploads\/2021\/12\/IMG_5852.jpg?resize=1536%2C864 1536w, https:\/\/i0.wp.com\/www.erenarch.com\/wp-content\/uploads\/2021\/12\/IMG_5852.jpg?w=1920 1920w\" sizes=\"(max-width: 767px) 89vw, (max-width: 1000px) 54vw, (max-width: 1071px) 543px, 580px\" data-recalc-dims=\"1\" \/><\/figure>\n\n\n\n<figure class=\"wp-block-image size-large\"><img loading=\"lazy\" width=\"525\" height=\"295\" src=\"https:\/\/i0.wp.com\/www.erenarch.com\/wp-content\/uploads\/2021\/12\/IMG_5722.jpg?resize=525%2C295\" alt=\"\" class=\"wp-image-1859\" srcset=\"https:\/\/i0.wp.com\/www.erenarch.com\/wp-content\/uploads\/2021\/12\/IMG_5722.jpg?resize=1024%2C576 1024w, https:\/\/i0.wp.com\/www.erenarch.com\/wp-content\/uploads\/2021\/12\/IMG_5722.jpg?resize=300%2C169 300w, https:\/\/i0.wp.com\/www.erenarch.com\/wp-content\/uploads\/2021\/12\/IMG_5722.jpg?resize=768%2C432 768w, https:\/\/i0.wp.com\/www.erenarch.com\/wp-content\/uploads\/2021\/12\/IMG_5722.jpg?resize=1536%2C864 1536w, https:\/\/i0.wp.com\/www.erenarch.com\/wp-content\/uploads\/2021\/12\/IMG_5722.jpg?w=1920 1920w\" sizes=\"(max-width: 767px) 89vw, (max-width: 1000px) 54vw, (max-width: 1071px) 543px, 580px\" data-recalc-dims=\"1\" \/><\/figure>\n\n\n\n<figure class=\"wp-block-image size-large\"><img loading=\"lazy\" width=\"525\" height=\"932\" src=\"https:\/\/i0.wp.com\/www.erenarch.com\/wp-content\/uploads\/2021\/12\/97f4beac-83fd-44e5-a75f-57c854b19949.jpg?resize=525%2C932\" alt=\"\" class=\"wp-image-1858\" srcset=\"https:\/\/i0.wp.com\/www.erenarch.com\/wp-content\/uploads\/2021\/12\/97f4beac-83fd-44e5-a75f-57c854b19949.jpg?resize=577%2C1024 577w, https:\/\/i0.wp.com\/www.erenarch.com\/wp-content\/uploads\/2021\/12\/97f4beac-83fd-44e5-a75f-57c854b19949.jpg?resize=169%2C300 169w, https:\/\/i0.wp.com\/www.erenarch.com\/wp-content\/uploads\/2021\/12\/97f4beac-83fd-44e5-a75f-57c854b19949.jpg?resize=768%2C1364 768w, https:\/\/i0.wp.com\/www.erenarch.com\/wp-content\/uploads\/2021\/12\/97f4beac-83fd-44e5-a75f-57c854b19949.jpg?resize=865%2C1536 865w, https:\/\/i0.wp.com\/www.erenarch.com\/wp-content\/uploads\/2021\/12\/97f4beac-83fd-44e5-a75f-57c854b19949.jpg?w=901 901w\" sizes=\"(max-width: 525px) 100vw, 525px\" data-recalc-dims=\"1\" \/><\/figure>\n\n\n\n<figure class=\"wp-block-image size-large\"><img loading=\"lazy\" width=\"525\" height=\"932\" src=\"https:\/\/i0.wp.com\/www.erenarch.com\/wp-content\/uploads\/2021\/12\/09bc2949-27b8-493b-9069-a6c04e6220e6.jpg?resize=525%2C932\" alt=\"\" class=\"wp-image-1856\" srcset=\"https:\/\/i0.wp.com\/www.erenarch.com\/wp-content\/uploads\/2021\/12\/09bc2949-27b8-493b-9069-a6c04e6220e6.jpg?resize=577%2C1024 577w, https:\/\/i0.wp.com\/www.erenarch.com\/wp-content\/uploads\/2021\/12\/09bc2949-27b8-493b-9069-a6c04e6220e6.jpg?resize=169%2C300 169w, https:\/\/i0.wp.com\/www.erenarch.com\/wp-content\/uploads\/2021\/12\/09bc2949-27b8-493b-9069-a6c04e6220e6.jpg?resize=768%2C1364 768w, https:\/\/i0.wp.com\/www.erenarch.com\/wp-content\/uploads\/2021\/12\/09bc2949-27b8-493b-9069-a6c04e6220e6.jpg?resize=865%2C1536 865w, https:\/\/i0.wp.com\/www.erenarch.com\/wp-content\/uploads\/2021\/12\/09bc2949-27b8-493b-9069-a6c04e6220e6.jpg?w=901 901w\" sizes=\"(max-width: 525px) 100vw, 525px\" data-recalc-dims=\"1\" \/><\/figure>\n\n\n\n<figure class=\"wp-block-image size-large\"><img loading=\"lazy\" width=\"525\" height=\"296\" src=\"https:\/\/i0.wp.com\/www.erenarch.com\/wp-content\/uploads\/2021\/12\/5d12d260-5ac7-403d-9032-a94ce09111f8.jpg?resize=525%2C296\" alt=\"\" class=\"wp-image-1855\" srcset=\"https:\/\/i0.wp.com\/www.erenarch.com\/wp-content\/uploads\/2021\/12\/5d12d260-5ac7-403d-9032-a94ce09111f8.jpg?resize=1024%2C577 1024w, https:\/\/i0.wp.com\/www.erenarch.com\/wp-content\/uploads\/2021\/12\/5d12d260-5ac7-403d-9032-a94ce09111f8.jpg?resize=300%2C169 300w, https:\/\/i0.wp.com\/www.erenarch.com\/wp-content\/uploads\/2021\/12\/5d12d260-5ac7-403d-9032-a94ce09111f8.jpg?resize=768%2C432 768w, https:\/\/i0.wp.com\/www.erenarch.com\/wp-content\/uploads\/2021\/12\/5d12d260-5ac7-403d-9032-a94ce09111f8.jpg?resize=1536%2C865 1536w, https:\/\/i0.wp.com\/www.erenarch.com\/wp-content\/uploads\/2021\/12\/5d12d260-5ac7-403d-9032-a94ce09111f8.jpg?w=1600 1600w\" sizes=\"(max-width: 767px) 89vw, (max-width: 1000px) 54vw, (max-width: 1071px) 543px, 580px\" data-recalc-dims=\"1\" \/><\/figure>\n","protected":false},"excerpt":{"rendered":"<p>\u0130\u015e\u0130N KAPSAMI \/ WORK M\u0130MAR\u0130 PROJE VE UYGULAMA<\/p>\n","protected":false},"author":1,"featured_media":0,"parent":1948,"menu_order":0,"comment_status":"closed","ping_status":"closed","template":"","meta":[],"jetpack_sharing_enabled":true,"jetpack-related-posts":[],"_links":{"self":[{"href":"http:\/\/www.erenarch.com\/index.php\/wp-json\/wp\/v2\/pages\/1743"}],"collection":[{"href":"http:\/\/www.erenarch.com\/index.php\/wp-json\/wp\/v2\/pages"}],"about":[{"href":"http:\/\/www.erenarch.com\/index.php\/wp-json\/wp\/v2\/types\/page"}],"author":[{"embeddable":true,"href":"http:\/\/www.erenarch.com\/index.php\/wp-json\/wp\/v2\/users\/1"}],"replies":[{"embeddable":true,"href":"http:\/\/www.erenarch.com\/index.php\/wp-json\/wp\/v2\/comments?post=1743"}],"version-history":[{"count":12,"href":"http:\/\/www.erenarch.com\/index.php\/wp-json\/wp\/v2\/pages\/1743\/revisions"}],"predecessor-version":[{"id":2502,"href":"http:\/\/www.erenarch.com\/index.php\/wp-json\/wp\/v2\/pages\/1743\/revisions\/2502"}],"up":[{"embeddable":true,"href":"http:\/\/www.erenarch.com\/index.php\/wp-json\/wp\/v2\/pages\/1948"}],"wp:attachment":[{"href":"http:\/\/www.erenarch.com\/index.php\/wp-json\/wp\/v2\/media?parent=1743"}],"curies":[{"name":"wp","href":"https:\/\/api.w.org\/{rel}","templated":true}]}}